{"id":6166,"date":"2018-01-19T17:49:25","date_gmt":"2018-01-19T16:49:25","guid":{"rendered":"http:\/\/riadsiwan.com\/special-events\/"},"modified":"2026-03-13T00:15:57","modified_gmt":"2026-03-12T23:15:57","slug":"evenements","status":"publish","type":"page","link":"https:\/\/www.riadsiwan.com\/fr\/evenements\/","title":{"rendered":"\u00c9v\u00e9nements"},"content":{"rendered":"<div class=\"wpb-content-wrapper\">[vc_row fullwidth=\u00a0\u00bbtrue\u00a0\u00bb equal_columns=\u00a0\u00bbtrue\u00a0\u00bb attached=\u00a0\u00bbtrue\u00a0\u00bb][vc_column][mk_edge_slider animation_effect=\u00a0\u00bbfade\u00a0\u00bb direction_nav=\u00a0\u00bbnone\u00a0\u00bb pagination=\u00a0\u00bbsmall_dot_stroke\u00a0\u00bb slides=\u00a0\u00bb6188, 6187&Prime;][\/vc_column][\/vc_row][vc_row fullwidth=\u00a0\u00bbtrue\u00a0\u00bb fullwidth_content=\u00a0\u00bbfalse\u00a0\u00bb padding=\u00a0\u00bb0&Prime; css=\u00a0\u00bb.vc_custom_1517230504409{background-color: #303030 !important;}\u00a0\u00bb][vc_column][mk_fancy_title tag_name=\u00a0\u00bbh1&Prime; color=\u00a0\u00bb#ffffff\u00a0\u00bb size=\u00a0\u00bb60&Prime; force_font_size=\u00a0\u00bbtrue\u00a0\u00bb size_smallscreen=\u00a0\u00bb40&Prime; size_tablet=\u00a0\u00bb35&Prime; size_phone=\u00a0\u00bb30&Prime; margin_top=\u00a0\u00bb11&Prime; margin_bottom=\u00a0\u00bb0&Prime; font_family=\u00a0\u00bbnone\u00a0\u00bb align=\u00a0\u00bbcenter\u00a0\u00bb]\u00c9v\u00e9nements[\/mk_fancy_title][\/vc_column][\/vc_row][mk_page_section layout_structure=\u00a0\u00bbhalf_left\u00a0\u00bb bg_image=\u00a0\u00bbhttps:\/\/riadsiwan.com\/wp-content\/uploads\/2018\/01\/roof-terrace-with-patio.jpg\u00a0\u00bb full_width=\u00a0\u00bbtrue\u00a0\u00bb][vc_column][mk_padding_divider][vc_column_text disable_pattern=\u00a0\u00bbfalse\u00a0\u00bb align=\u00a0\u00bbcenter\u00a0\u00bb css=\u00a0\u00bb.vc_custom_1520854349422{margin-bottom: 0px !important;}\u00a0\u00bb]\n<p style=\"text-align: justify;\">Le Riad Siwan est l&rsquo;endroit id\u00e9al pour organiser une f\u00eate ou un \u00e9v\u00e9nement particulier, comme un anniversaire, une c\u00e9l\u00e9bration particuli\u00e8re, une r\u00e9union de famille ou d&rsquo;amis, une s\u00e9ance photo. Visite guid\u00e9e au c\u0153ur de la M\u00e9dina, partie de golf sur l&rsquo;un des parcours proches du centre de la ville, ou excursion dans les montagnes du Haut Atlas, vos h\u00f4tes Maryk et Cees seront ravis de cr\u00e9er un programme sur-mesure pour votre groupe. Veuillez noter que la r\u00e9alisation d\u2019\u00e9v\u00e9nements sp\u00e9ciaux ne fonctionne qu\u2019avec une location exclusive du Riad, afin de ne pas d\u00e9ranger d\u2019autres clients.<\/p>\n[\/vc_column_text][mk_padding_divider][mk_fancy_title tag_name=\u00a0\u00bbh3&Prime; size=\u00a0\u00bb18&Prime; margin_bottom=\u00a0\u00bb5&Prime; font_family=\u00a0\u00bbnone\u00a0\u00bb align=\u00a0\u00bbcenter\u00a0\u00bb]Pour plus d&rsquo;informations et pour un programme sur-mesure, veuillez nous contacter au[\/mk_fancy_title][vc_row_inner][vc_column_inner width=\u00a0\u00bb1\/2&Prime;][mk_icon_box icon=\u00a0\u00bbmk-moon-phone\u00a0\u00bb style=\u00a0\u00bbsimple_ultimate\u00a0\u00bb icon_size=\u00a0\u00bbmedium\u00a0\u00bb icon_location=\u00a0\u00bbtop\u00a0\u00bb icon_color=\u00a0\u00bb#303030&Prime; animation=\u00a0\u00bbfade-in\u00a0\u00bb]<a href=\"tel:+212661158173\">+212 (0)66 115 81 73<\/a><br \/>\n<a href=\"tel:+212661158179\">+212 (0)66 115 81 79<\/a>[\/mk_icon_box][\/vc_column_inner][vc_column_inner width=\u00a0\u00bb1\/2&Prime;][mk_icon_box icon=\u00a0\u00bbmk-icon-envelope\u00a0\u00bb style=\u00a0\u00bbsimple_ultimate\u00a0\u00bb icon_size=\u00a0\u00bbmedium\u00a0\u00bb icon_location=\u00a0\u00bbtop\u00a0\u00bb icon_color=\u00a0\u00bb#303030&Prime; animation=\u00a0\u00bbfade-in\u00a0\u00bb]<a href=\"mailto:https:\/\/info@riadsiwan.com\">info@riadsiwan.com<\/a>[\/mk_icon_box][\/vc_column_inner][\/vc_row_inner][\/vc_column][vc_column][\/vc_column][\/mk_page_section][vc_row fullwidth=\u00a0\u00bbtrue\u00a0\u00bb][vc_column][vc_row_inner attached=\u00a0\u00bbtrue\u00a0\u00bb css=\u00a0\u00bb.vc_custom_1517229357760{background-color: #5c2946 !important;}\u00a0\u00bb][vc_column_inner][mk_padding_divider size=\u00a0\u00bb34&Prime;][mk_fancy_title color=\u00a0\u00bb#ffffff\u00a0\u00bb size=\u00a0\u00bb33&Prime; font_weight=\u00a0\u00bb300&Prime; txt_transform=\u00a0\u00bbnone\u00a0\u00bb letter_spacing=\u00a0\u00bb2&Prime; margin_bottom=\u00a0\u00bb0&Prime; font_family=\u00a0\u00bbSatisfy\u00a0\u00bb font_type=\u00a0\u00bbgoogle\u00a0\u00bb align=\u00a0\u00bbcenter\u00a0\u00bb]\u00a0\u00bbC\u2019\u00e9tait presque comme si nous \u00e9tions des invit\u00e9s dans leur maison\u00a0\u00bb[\/mk_fancy_title][mk_padding_divider size=\u00a0\u00bb20&Prime;][\/vc_column_inner][\/vc_row_inner][\/vc_column][\/vc_row][vc_row fullwidth=\u00a0\u00bbtrue\u00a0\u00bb][vc_column][mk_gallery images=\u00a0\u00bb6114,6113,6116,6115,6112,6111&Prime; column=\u00a0\u00bb6&Prime; image_size=\u00a0\u00bbfull\u00a0\u00bb item_spacing=\u00a0\u00bb2&Prime; margin_bottom=\u00a0\u00bb0&Prime; frame_style=\u00a0\u00bbgrid\u00a0\u00bb orderby=\u00a0\u00bbpost__in\u00a0\u00bb][\/vc_column][\/vc_row]\n<\/div>","protected":false},"excerpt":{"rendered":"<p>[vc_row fullwidth=\u00a0\u00bbtrue\u00a0\u00bb equal_columns=\u00a0\u00bbtrue\u00a0\u00bb attached=\u00a0\u00bbtrue\u00a0\u00bb][vc_column][mk_edge_slider animation_effect=\u00a0\u00bbfade\u00a0\u00bb direction_nav=\u00a0\u00bbnone\u00a0\u00bb pagination=\u00a0\u00bbsmall_dot_stroke\u00a0\u00bb slides=\u00a0\u00bb6188, 6187&Prime;][\/vc_column][\/vc_row][vc_row fullwidth=\u00a0\u00bbtrue\u00a0\u00bb fullwidth_content=\u00a0\u00bbfalse\u00a0\u00bb padding=\u00a0\u00bb0&Prime; css=\u00a0\u00bb.vc_custom_1517230504409{background-color: #303030 !important;}\u00a0\u00bb][vc_column][mk_fancy_title tag_name=\u00a0\u00bbh1&Prime; color=\u00a0\u00bb#ffffff\u00a0\u00bb size=\u00a0\u00bb60&Prime; force_font_size=\u00a0\u00bbtrue\u00a0\u00bb size_smallscreen=\u00a0\u00bb40&Prime; size_tablet=\u00a0\u00bb35&Prime; size_phone=\u00a0\u00bb30&Prime; margin_top=\u00a0\u00bb11&Prime; margin_bottom=\u00a0\u00bb0&Prime; font_family=\u00a0\u00bbnone\u00a0\u00bb align=\u00a0\u00bbcenter\u00a0\u00bb]\u00c9v\u00e9nements[\/mk_fancy_title][\/vc_column][\/vc_row][mk_page_section layout_structure=\u00a0\u00bbhalf_left\u00a0\u00bb bg_image=\u00a0\u00bbhttps:\/\/riadsiwan.com\/wp-content\/uploads\/2018\/01\/roof-terrace-with-patio.jpg\u00a0\u00bb full_width=\u00a0\u00bbtrue\u00a0\u00bb][vc_column][mk_padding_divider][vc_column_text disable_pattern=\u00a0\u00bbfalse\u00a0\u00bb align=\u00a0\u00bbcenter\u00a0\u00bb css=\u00a0\u00bb.vc_custom_1520854349422{margin-bottom: 0px !important;}\u00a0\u00bb] Le Riad Siwan est l&rsquo;endroit id\u00e9al pour organiser une f\u00eate ou un \u00e9v\u00e9nement particulier, comme un anniversaire, une c\u00e9l\u00e9bration particuli\u00e8re, une [&hellip;]<\/p>\n","protected":false},"author":1,"featured_media":0,"parent":0,"menu_order":0,"comment_status":"closed","ping_status":"closed","template":"","meta":{"footnotes":""},"class_list":["post-6166","page","type-page","status-publish","hentry"],"yoast_head":"<!-- This site is optimized with the Yoast SEO plugin v27.3 - https:\/\/yoast.com\/product\/yoast-seo-wordpress\/ -->\n<title>\u00c9v\u00e9nements - RIAD SIWAN<\/title>\n<meta name=\"robots\" content=\"index, follow, max-snippet:-1, max-image-preview:large, max-video-preview:-1\" \/>\n<link rel=\"canonical\" href=\"https:\/\/www.riadsiwan.com\/fr\/evenements\/\" \/>\n<meta property=\"og:locale\" content=\"fr_FR\" \/>\n<meta property=\"og:type\" content=\"article\" \/>\n<meta property=\"og:title\" content=\"\u00c9v\u00e9nements - RIAD SIWAN\" \/>\n<meta property=\"og:description\" content=\"[vc_row fullwidth=\u00a0\u00bbtrue\u00a0\u00bb equal_columns=\u00a0\u00bbtrue\u00a0\u00bb attached=\u00a0\u00bbtrue\u00a0\u00bb][vc_column][mk_edge_slider animation_effect=\u00a0\u00bbfade\u00a0\u00bb direction_nav=\u00a0\u00bbnone\u00a0\u00bb pagination=\u00a0\u00bbsmall_dot_stroke\u00a0\u00bb slides=\u00a0\u00bb6188, 6187&Prime;][\/vc_column][\/vc_row][vc_row fullwidth=\u00a0\u00bbtrue\u00a0\u00bb fullwidth_content=\u00a0\u00bbfalse\u00a0\u00bb padding=\u00a0\u00bb0&Prime; css=\u00a0\u00bb.vc_custom_1517230504409{background-color: #303030 !important;}\u00a0\u00bb][vc_column][mk_fancy_title tag_name=\u00a0\u00bbh1&Prime; color=\u00a0\u00bb#ffffff\u00a0\u00bb size=\u00a0\u00bb60&Prime; force_font_size=\u00a0\u00bbtrue\u00a0\u00bb size_smallscreen=\u00a0\u00bb40&Prime; size_tablet=\u00a0\u00bb35&Prime; size_phone=\u00a0\u00bb30&Prime; margin_top=\u00a0\u00bb11&Prime; margin_bottom=\u00a0\u00bb0&Prime; font_family=\u00a0\u00bbnone\u00a0\u00bb align=\u00a0\u00bbcenter\u00a0\u00bb]\u00c9v\u00e9nements[\/mk_fancy_title][\/vc_column][\/vc_row][mk_page_section layout_structure=\u00a0\u00bbhalf_left\u00a0\u00bb bg_image=\u00a0\u00bbhttps:\/\/riadsiwan.com\/wp-content\/uploads\/2018\/01\/roof-terrace-with-patio.jpg\u00a0\u00bb full_width=\u00a0\u00bbtrue\u00a0\u00bb][vc_column][mk_padding_divider][vc_column_text disable_pattern=\u00a0\u00bbfalse\u00a0\u00bb align=\u00a0\u00bbcenter\u00a0\u00bb css=\u00a0\u00bb.vc_custom_1520854349422{margin-bottom: 0px !important;}\u00a0\u00bb] Le Riad Siwan est l&rsquo;endroit id\u00e9al pour organiser une f\u00eate ou un \u00e9v\u00e9nement particulier, comme un anniversaire, une c\u00e9l\u00e9bration particuli\u00e8re, une [&hellip;]\" \/>\n<meta property=\"og:url\" content=\"https:\/\/www.riadsiwan.com\/fr\/evenements\/\" \/>\n<meta property=\"og:site_name\" content=\"RIAD SIWAN\" \/>\n<meta property=\"article:modified_time\" content=\"2026-03-12T23:15:57+00:00\" \/>\n<meta name=\"twitter:card\" content=\"summary_large_image\" \/>\n<meta name=\"twitter:label1\" content=\"Dur\u00e9e de lecture estim\u00e9e\" \/>\n\t<meta name=\"twitter:data1\" content=\"1 minute\" \/>\n<script type=\"application\/ld+json\" class=\"yoast-schema-graph\">{\"@context\":\"https:\\\/\\\/schema.org\",\"@graph\":[{\"@type\":\"WebPage\",\"@id\":\"https:\\\/\\\/www.riadsiwan.com\\\/fr\\\/evenements\\\/\",\"url\":\"https:\\\/\\\/www.riadsiwan.com\\\/fr\\\/evenements\\\/\",\"name\":\"\u00c9v\u00e9nements - RIAD SIWAN\",\"isPartOf\":{\"@id\":\"https:\\\/\\\/www.riadsiwan.com\\\/#website\"},\"datePublished\":\"2018-01-19T16:49:25+00:00\",\"dateModified\":\"2026-03-12T23:15:57+00:00\",\"breadcrumb\":{\"@id\":\"https:\\\/\\\/www.riadsiwan.com\\\/fr\\\/evenements\\\/#breadcrumb\"},\"inLanguage\":\"fr-FR\",\"potentialAction\":[{\"@type\":\"ReadAction\",\"target\":[\"https:\\\/\\\/www.riadsiwan.com\\\/fr\\\/evenements\\\/\"]}]},{\"@type\":\"BreadcrumbList\",\"@id\":\"https:\\\/\\\/www.riadsiwan.com\\\/fr\\\/evenements\\\/#breadcrumb\",\"itemListElement\":[{\"@type\":\"ListItem\",\"position\":1,\"name\":\"Accueil\",\"item\":\"https:\\\/\\\/www.riadsiwan.com\\\/fr\\\/\"},{\"@type\":\"ListItem\",\"position\":2,\"name\":\"\u00c9v\u00e9nements\"}]},{\"@type\":\"WebSite\",\"@id\":\"https:\\\/\\\/www.riadsiwan.com\\\/#website\",\"url\":\"https:\\\/\\\/www.riadsiwan.com\\\/\",\"name\":\"RIAD SIWAN\",\"description\":\"RIAD SIWAN MARRAKECH\",\"potentialAction\":[{\"@type\":\"SearchAction\",\"target\":{\"@type\":\"EntryPoint\",\"urlTemplate\":\"https:\\\/\\\/www.riadsiwan.com\\\/?s={search_term_string}\"},\"query-input\":{\"@type\":\"PropertyValueSpecification\",\"valueRequired\":true,\"valueName\":\"search_term_string\"}}],\"inLanguage\":\"fr-FR\"}]}<\/script>\n<!-- \/ Yoast SEO plugin. -->","yoast_head_json":{"title":"\u00c9v\u00e9nements - RIAD SIWAN","robots":{"index":"index","follow":"follow","max-snippet":"max-snippet:-1","max-image-preview":"max-image-preview:large","max-video-preview":"max-video-preview:-1"},"canonical":"https:\/\/www.riadsiwan.com\/fr\/evenements\/","og_locale":"fr_FR","og_type":"article","og_title":"\u00c9v\u00e9nements - RIAD SIWAN","og_description":"[vc_row fullwidth=\u00a0\u00bbtrue\u00a0\u00bb equal_columns=\u00a0\u00bbtrue\u00a0\u00bb attached=\u00a0\u00bbtrue\u00a0\u00bb][vc_column][mk_edge_slider animation_effect=\u00a0\u00bbfade\u00a0\u00bb direction_nav=\u00a0\u00bbnone\u00a0\u00bb pagination=\u00a0\u00bbsmall_dot_stroke\u00a0\u00bb slides=\u00a0\u00bb6188, 6187&Prime;][\/vc_column][\/vc_row][vc_row fullwidth=\u00a0\u00bbtrue\u00a0\u00bb fullwidth_content=\u00a0\u00bbfalse\u00a0\u00bb padding=\u00a0\u00bb0&Prime; css=\u00a0\u00bb.vc_custom_1517230504409{background-color: #303030 !important;}\u00a0\u00bb][vc_column][mk_fancy_title tag_name=\u00a0\u00bbh1&Prime; color=\u00a0\u00bb#ffffff\u00a0\u00bb size=\u00a0\u00bb60&Prime; force_font_size=\u00a0\u00bbtrue\u00a0\u00bb size_smallscreen=\u00a0\u00bb40&Prime; size_tablet=\u00a0\u00bb35&Prime; size_phone=\u00a0\u00bb30&Prime; margin_top=\u00a0\u00bb11&Prime; margin_bottom=\u00a0\u00bb0&Prime; font_family=\u00a0\u00bbnone\u00a0\u00bb align=\u00a0\u00bbcenter\u00a0\u00bb]\u00c9v\u00e9nements[\/mk_fancy_title][\/vc_column][\/vc_row][mk_page_section layout_structure=\u00a0\u00bbhalf_left\u00a0\u00bb bg_image=\u00a0\u00bbhttps:\/\/riadsiwan.com\/wp-content\/uploads\/2018\/01\/roof-terrace-with-patio.jpg\u00a0\u00bb full_width=\u00a0\u00bbtrue\u00a0\u00bb][vc_column][mk_padding_divider][vc_column_text disable_pattern=\u00a0\u00bbfalse\u00a0\u00bb align=\u00a0\u00bbcenter\u00a0\u00bb css=\u00a0\u00bb.vc_custom_1520854349422{margin-bottom: 0px !important;}\u00a0\u00bb] Le Riad Siwan est l&rsquo;endroit id\u00e9al pour organiser une f\u00eate ou un \u00e9v\u00e9nement particulier, comme un anniversaire, une c\u00e9l\u00e9bration particuli\u00e8re, une [&hellip;]","og_url":"https:\/\/www.riadsiwan.com\/fr\/evenements\/","og_site_name":"RIAD SIWAN","article_modified_time":"2026-03-12T23:15:57+00:00","twitter_card":"summary_large_image","twitter_misc":{"Dur\u00e9e de lecture estim\u00e9e":"1 minute"},"schema":{"@context":"https:\/\/schema.org","@graph":[{"@type":"WebPage","@id":"https:\/\/www.riadsiwan.com\/fr\/evenements\/","url":"https:\/\/www.riadsiwan.com\/fr\/evenements\/","name":"\u00c9v\u00e9nements - RIAD SIWAN","isPartOf":{"@id":"https:\/\/www.riadsiwan.com\/#website"},"datePublished":"2018-01-19T16:49:25+00:00","dateModified":"2026-03-12T23:15:57+00:00","breadcrumb":{"@id":"https:\/\/www.riadsiwan.com\/fr\/evenements\/#breadcrumb"},"inLanguage":"fr-FR","potentialAction":[{"@type":"ReadAction","target":["https:\/\/www.riadsiwan.com\/fr\/evenements\/"]}]},{"@type":"BreadcrumbList","@id":"https:\/\/www.riadsiwan.com\/fr\/evenements\/#breadcrumb","itemListElement":[{"@type":"ListItem","position":1,"name":"Accueil","item":"https:\/\/www.riadsiwan.com\/fr\/"},{"@type":"ListItem","position":2,"name":"\u00c9v\u00e9nements"}]},{"@type":"WebSite","@id":"https:\/\/www.riadsiwan.com\/#website","url":"https:\/\/www.riadsiwan.com\/","name":"RIAD SIWAN","description":"RIAD SIWAN MARRAKECH","potentialAction":[{"@type":"SearchAction","target":{"@type":"EntryPoint","urlTemplate":"https:\/\/www.riadsiwan.com\/?s={search_term_string}"},"query-input":{"@type":"PropertyValueSpecification","valueRequired":true,"valueName":"search_term_string"}}],"inLanguage":"fr-FR"}]}},"_links":{"self":[{"href":"https:\/\/www.riadsiwan.com\/fr\/wp-json\/wp\/v2\/pages\/6166","targetHints":{"allow":["GET"]}}],"collection":[{"href":"https:\/\/www.riadsiwan.com\/fr\/wp-json\/wp\/v2\/pages"}],"about":[{"href":"https:\/\/www.riadsiwan.com\/fr\/wp-json\/wp\/v2\/types\/page"}],"author":[{"embeddable":true,"href":"https:\/\/www.riadsiwan.com\/fr\/wp-json\/wp\/v2\/users\/1"}],"replies":[{"embeddable":true,"href":"https:\/\/www.riadsiwan.com\/fr\/wp-json\/wp\/v2\/comments?post=6166"}],"version-history":[{"count":0,"href":"https:\/\/www.riadsiwan.com\/fr\/wp-json\/wp\/v2\/pages\/6166\/revisions"}],"wp:attachment":[{"href":"https:\/\/www.riadsiwan.com\/fr\/wp-json\/wp\/v2\/media?parent=6166"}],"curies":[{"name":"wp","href":"https:\/\/api.w.org\/{rel}","templated":true}]}}