{"id":6165,"date":"2018-01-19T18:05:09","date_gmt":"2018-01-19T17:05:09","guid":{"rendered":"http:\/\/riadsiwan.com\/gallery\/"},"modified":"2026-03-13T00:16:05","modified_gmt":"2026-03-12T23:16:05","slug":"galerie","status":"publish","type":"page","link":"https:\/\/www.riadsiwan.com\/fr\/galerie\/","title":{"rendered":"Galerie"},"content":{"rendered":"<div class=\"wpb-content-wrapper\">[vc_row fullwidth=\u00a0\u00bbtrue\u00a0\u00bb fullwidth_content=\u00a0\u00bbfalse\u00a0\u00bb padding=\u00a0\u00bb0&Prime; css=\u00a0\u00bb.vc_custom_1517230504409{background-color: #303030 !important;}\u00a0\u00bb][vc_column][mk_fancy_title tag_name=\u00a0\u00bbh1&Prime; color=\u00a0\u00bb#ffffff\u00a0\u00bb size=\u00a0\u00bb60&Prime; force_font_size=\u00a0\u00bbtrue\u00a0\u00bb size_smallscreen=\u00a0\u00bb40&Prime; size_tablet=\u00a0\u00bb35&Prime; size_phone=\u00a0\u00bb30&Prime; margin_top=\u00a0\u00bb40&Prime; font_family=\u00a0\u00bbnone\u00a0\u00bb align=\u00a0\u00bbcenter\u00a0\u00bb]Galerie[\/mk_fancy_title][\/vc_column][\/vc_row][vc_row fullwidth=\u00a0\u00bbtrue\u00a0\u00bb fullwidth_content=\u00a0\u00bbfalse\u00a0\u00bb padding=\u00a0\u00bb0&Prime; css=\u00a0\u00bb.vc_custom_1516375291709{background-color: #5c2946 !important;}\u00a0\u00bb][vc_column][mk_padding_divider size=\u00a0\u00bb6&Prime;][\/vc_column][\/vc_row][mk_page_section full_width=\u00a0\u00bbtrue\u00a0\u00bb padding_top=\u00a0\u00bb0&Prime; padding_bottom=\u00a0\u00bb0&Prime; sidebar=\u00a0\u00bbsidebar-1&Prime;][vc_column][mk_gallery images=\u00a0\u00bb5796,6104,5680,5781,5778,5793,5800,5799,5797,5795,5678,5794,5684,5677,5704,5703,5691,5775,5782,5783,5784,5785,5786,5787,5788,5789,5790,5791,5792,5801,5802,5803,5804,5805,5806,5807,5808,5809,5833,6008,6009,6010,6011,6012,6022,6023,6024,6025,6026,5687,5689,5692,5773,5752,6109,6111,6112,6113,6114,6115,6116,6119,6120,6121,5798,5938,5941,5939,5747,5746,6032,5744,5745,5743,5742,5741&Prime; style=\u00a0\u00bbstyle3&Prime; item_spacing=\u00a0\u00bb5&Prime; margin_bottom=\u00a0\u00bb0&Prime; orderby=\u00a0\u00bbpost__in\u00a0\u00bb][\/vc_column][\/mk_page_section][vc_row fullwidth=\u00a0\u00bbtrue\u00a0\u00bb][vc_column][vc_row_inner attached=\u00a0\u00bbtrue\u00a0\u00bb css=\u00a0\u00bb.vc_custom_1517229357760{background-color: #5c2946 !important;}\u00a0\u00bb][vc_column_inner][mk_padding_divider size=\u00a0\u00bb34&Prime;][mk_fancy_title color=\u00a0\u00bb#ffffff\u00a0\u00bb size=\u00a0\u00bb33&Prime; font_weight=\u00a0\u00bb300&Prime; txt_transform=\u00a0\u00bbnone\u00a0\u00bb letter_spacing=\u00a0\u00bb2&Prime; margin_bottom=\u00a0\u00bb0&Prime; font_family=\u00a0\u00bbSatisfy\u00a0\u00bb font_type=\u00a0\u00bbgoogle\u00a0\u00bb align=\u00a0\u00bbcenter\u00a0\u00bb]\u00a0\u00bbC\u2019\u00e9tait presque comme si nous \u00e9tions des invit\u00e9s dans leur maison\u00a0\u00bb[\/mk_fancy_title][mk_padding_divider size=\u00a0\u00bb20&Prime;][\/vc_column_inner][\/vc_row_inner][\/vc_column][\/vc_row]\n<\/div>","protected":false},"excerpt":{"rendered":"<p>[vc_row fullwidth=\u00a0\u00bbtrue\u00a0\u00bb fullwidth_content=\u00a0\u00bbfalse\u00a0\u00bb padding=\u00a0\u00bb0&Prime; css=\u00a0\u00bb.vc_custom_1517230504409{background-color: #303030 !important;}\u00a0\u00bb][vc_column][mk_fancy_title tag_name=\u00a0\u00bbh1&Prime; color=\u00a0\u00bb#ffffff\u00a0\u00bb size=\u00a0\u00bb60&Prime; force_font_size=\u00a0\u00bbtrue\u00a0\u00bb size_smallscreen=\u00a0\u00bb40&Prime; size_tablet=\u00a0\u00bb35&Prime; size_phone=\u00a0\u00bb30&Prime; margin_top=\u00a0\u00bb40&Prime; font_family=\u00a0\u00bbnone\u00a0\u00bb align=\u00a0\u00bbcenter\u00a0\u00bb]Galerie[\/mk_fancy_title][\/vc_column][\/vc_row][vc_row fullwidth=\u00a0\u00bbtrue\u00a0\u00bb fullwidth_content=\u00a0\u00bbfalse\u00a0\u00bb padding=\u00a0\u00bb0&Prime; css=\u00a0\u00bb.vc_custom_1516375291709{background-color: #5c2946 !important;}\u00a0\u00bb][vc_column][mk_padding_divider size=\u00a0\u00bb6&Prime;][\/vc_column][\/vc_row][mk_page_section full_width=\u00a0\u00bbtrue\u00a0\u00bb padding_top=\u00a0\u00bb0&Prime; padding_bottom=\u00a0\u00bb0&Prime; sidebar=\u00a0\u00bbsidebar-1&Prime;][vc_column][mk_gallery images=\u00a0\u00bb5796,6104,5680,5781,5778,5793,5800,5799,5797,5795,5678,5794,5684,5677,5704,5703,5691,5775,5782,5783,5784,5785,5786,5787,5788,5789,5790,5791,5792,5801,5802,5803,5804,5805,5806,5807,5808,5809,5833,6008,6009,6010,6011,6012,6022,6023,6024,6025,6026,5687,5689,5692,5773,5752,6109,6111,6112,6113,6114,6115,6116,6119,6120,6121,5798,5938,5941,5939,5747,5746,6032,5744,5745,5743,5742,5741&Prime; style=\u00a0\u00bbstyle3&Prime; item_spacing=\u00a0\u00bb5&Prime; margin_bottom=\u00a0\u00bb0&Prime; orderby=\u00a0\u00bbpost__in\u00a0\u00bb][\/vc_column][\/mk_page_section][vc_row fullwidth=\u00a0\u00bbtrue\u00a0\u00bb][vc_column][vc_row_inner attached=\u00a0\u00bbtrue\u00a0\u00bb css=\u00a0\u00bb.vc_custom_1517229357760{background-color: #5c2946 !important;}\u00a0\u00bb][vc_column_inner][mk_padding_divider size=\u00a0\u00bb34&Prime;][mk_fancy_title color=\u00a0\u00bb#ffffff\u00a0\u00bb size=\u00a0\u00bb33&Prime; font_weight=\u00a0\u00bb300&Prime; txt_transform=\u00a0\u00bbnone\u00a0\u00bb letter_spacing=\u00a0\u00bb2&Prime; margin_bottom=\u00a0\u00bb0&Prime; font_family=\u00a0\u00bbSatisfy\u00a0\u00bb font_type=\u00a0\u00bbgoogle\u00a0\u00bb align=\u00a0\u00bbcenter\u00a0\u00bb]\u00a0\u00bbC\u2019\u00e9tait presque comme si nous \u00e9tions des invit\u00e9s [&hellip;]<\/p>\n","protected":false},"author":1,"featured_media":0,"parent":0,"menu_order":0,"comment_status":"closed","ping_status":"closed","template":"","meta":{"footnotes":""},"class_list":["post-6165","page","type-page","status-publish","hentry"],"yoast_head":"<!-- This site is optimized with the Yoast SEO plugin v27.3 - https:\/\/yoast.com\/product\/yoast-seo-wordpress\/ -->\n<title>Galerie - RIAD SIWAN<\/title>\n<meta name=\"robots\" content=\"index, follow, max-snippet:-1, max-image-preview:large, max-video-preview:-1\" \/>\n<link rel=\"canonical\" href=\"https:\/\/www.riadsiwan.com\/fr\/galerie\/\" \/>\n<meta property=\"og:locale\" content=\"fr_FR\" \/>\n<meta property=\"og:type\" content=\"article\" \/>\n<meta property=\"og:title\" content=\"Galerie - RIAD SIWAN\" \/>\n<meta property=\"og:description\" content=\"[vc_row fullwidth=\u00a0\u00bbtrue\u00a0\u00bb fullwidth_content=\u00a0\u00bbfalse\u00a0\u00bb padding=\u00a0\u00bb0&Prime; css=\u00a0\u00bb.vc_custom_1517230504409{background-color: #303030 !important;}\u00a0\u00bb][vc_column][mk_fancy_title tag_name=\u00a0\u00bbh1&Prime; color=\u00a0\u00bb#ffffff\u00a0\u00bb size=\u00a0\u00bb60&Prime; force_font_size=\u00a0\u00bbtrue\u00a0\u00bb size_smallscreen=\u00a0\u00bb40&Prime; size_tablet=\u00a0\u00bb35&Prime; size_phone=\u00a0\u00bb30&Prime; margin_top=\u00a0\u00bb40&Prime; font_family=\u00a0\u00bbnone\u00a0\u00bb align=\u00a0\u00bbcenter\u00a0\u00bb]Galerie[\/mk_fancy_title][\/vc_column][\/vc_row][vc_row fullwidth=\u00a0\u00bbtrue\u00a0\u00bb fullwidth_content=\u00a0\u00bbfalse\u00a0\u00bb padding=\u00a0\u00bb0&Prime; css=\u00a0\u00bb.vc_custom_1516375291709{background-color: #5c2946 !important;}\u00a0\u00bb][vc_column][mk_padding_divider size=\u00a0\u00bb6&Prime;][\/vc_column][\/vc_row][mk_page_section full_width=\u00a0\u00bbtrue\u00a0\u00bb padding_top=\u00a0\u00bb0&Prime; padding_bottom=\u00a0\u00bb0&Prime; sidebar=\u00a0\u00bbsidebar-1&Prime;][vc_column][mk_gallery images=\u00a0\u00bb5796,6104,5680,5781,5778,5793,5800,5799,5797,5795,5678,5794,5684,5677,5704,5703,5691,5775,5782,5783,5784,5785,5786,5787,5788,5789,5790,5791,5792,5801,5802,5803,5804,5805,5806,5807,5808,5809,5833,6008,6009,6010,6011,6012,6022,6023,6024,6025,6026,5687,5689,5692,5773,5752,6109,6111,6112,6113,6114,6115,6116,6119,6120,6121,5798,5938,5941,5939,5747,5746,6032,5744,5745,5743,5742,5741&Prime; style=\u00a0\u00bbstyle3&Prime; item_spacing=\u00a0\u00bb5&Prime; margin_bottom=\u00a0\u00bb0&Prime; orderby=\u00a0\u00bbpost__in\u00a0\u00bb][\/vc_column][\/mk_page_section][vc_row fullwidth=\u00a0\u00bbtrue\u00a0\u00bb][vc_column][vc_row_inner attached=\u00a0\u00bbtrue\u00a0\u00bb css=\u00a0\u00bb.vc_custom_1517229357760{background-color: #5c2946 !important;}\u00a0\u00bb][vc_column_inner][mk_padding_divider size=\u00a0\u00bb34&Prime;][mk_fancy_title color=\u00a0\u00bb#ffffff\u00a0\u00bb size=\u00a0\u00bb33&Prime; font_weight=\u00a0\u00bb300&Prime; txt_transform=\u00a0\u00bbnone\u00a0\u00bb letter_spacing=\u00a0\u00bb2&Prime; margin_bottom=\u00a0\u00bb0&Prime; font_family=\u00a0\u00bbSatisfy\u00a0\u00bb font_type=\u00a0\u00bbgoogle\u00a0\u00bb align=\u00a0\u00bbcenter\u00a0\u00bb]\u00a0\u00bbC\u2019\u00e9tait presque comme si nous \u00e9tions des invit\u00e9s [&hellip;]\" \/>\n<meta property=\"og:url\" content=\"https:\/\/www.riadsiwan.com\/fr\/galerie\/\" \/>\n<meta property=\"og:site_name\" content=\"RIAD SIWAN\" \/>\n<meta property=\"article:modified_time\" content=\"2026-03-12T23:16:05+00:00\" \/>\n<meta name=\"twitter:card\" content=\"summary_large_image\" \/>\n<meta name=\"twitter:label1\" content=\"Dur\u00e9e de lecture estim\u00e9e\" \/>\n\t<meta name=\"twitter:data1\" content=\"1 minute\" \/>\n<script type=\"application\/ld+json\" class=\"yoast-schema-graph\">{\"@context\":\"https:\\\/\\\/schema.org\",\"@graph\":[{\"@type\":\"WebPage\",\"@id\":\"https:\\\/\\\/www.riadsiwan.com\\\/fr\\\/galerie\\\/\",\"url\":\"https:\\\/\\\/www.riadsiwan.com\\\/fr\\\/galerie\\\/\",\"name\":\"Galerie - RIAD SIWAN\",\"isPartOf\":{\"@id\":\"https:\\\/\\\/www.riadsiwan.com\\\/#website\"},\"datePublished\":\"2018-01-19T17:05:09+00:00\",\"dateModified\":\"2026-03-12T23:16:05+00:00\",\"breadcrumb\":{\"@id\":\"https:\\\/\\\/www.riadsiwan.com\\\/fr\\\/galerie\\\/#breadcrumb\"},\"inLanguage\":\"fr-FR\",\"potentialAction\":[{\"@type\":\"ReadAction\",\"target\":[\"https:\\\/\\\/www.riadsiwan.com\\\/fr\\\/galerie\\\/\"]}]},{\"@type\":\"BreadcrumbList\",\"@id\":\"https:\\\/\\\/www.riadsiwan.com\\\/fr\\\/galerie\\\/#breadcrumb\",\"itemListElement\":[{\"@type\":\"ListItem\",\"position\":1,\"name\":\"Accueil\",\"item\":\"https:\\\/\\\/www.riadsiwan.com\\\/fr\\\/\"},{\"@type\":\"ListItem\",\"position\":2,\"name\":\"Galerie\"}]},{\"@type\":\"WebSite\",\"@id\":\"https:\\\/\\\/www.riadsiwan.com\\\/#website\",\"url\":\"https:\\\/\\\/www.riadsiwan.com\\\/\",\"name\":\"RIAD SIWAN\",\"description\":\"RIAD SIWAN MARRAKECH\",\"potentialAction\":[{\"@type\":\"SearchAction\",\"target\":{\"@type\":\"EntryPoint\",\"urlTemplate\":\"https:\\\/\\\/www.riadsiwan.com\\\/?s={search_term_string}\"},\"query-input\":{\"@type\":\"PropertyValueSpecification\",\"valueRequired\":true,\"valueName\":\"search_term_string\"}}],\"inLanguage\":\"fr-FR\"}]}<\/script>\n<!-- \/ Yoast SEO plugin. -->","yoast_head_json":{"title":"Galerie - RIAD SIWAN","robots":{"index":"index","follow":"follow","max-snippet":"max-snippet:-1","max-image-preview":"max-image-preview:large","max-video-preview":"max-video-preview:-1"},"canonical":"https:\/\/www.riadsiwan.com\/fr\/galerie\/","og_locale":"fr_FR","og_type":"article","og_title":"Galerie - RIAD SIWAN","og_description":"[vc_row fullwidth=\u00a0\u00bbtrue\u00a0\u00bb fullwidth_content=\u00a0\u00bbfalse\u00a0\u00bb padding=\u00a0\u00bb0&Prime; css=\u00a0\u00bb.vc_custom_1517230504409{background-color: #303030 !important;}\u00a0\u00bb][vc_column][mk_fancy_title tag_name=\u00a0\u00bbh1&Prime; color=\u00a0\u00bb#ffffff\u00a0\u00bb size=\u00a0\u00bb60&Prime; force_font_size=\u00a0\u00bbtrue\u00a0\u00bb size_smallscreen=\u00a0\u00bb40&Prime; size_tablet=\u00a0\u00bb35&Prime; size_phone=\u00a0\u00bb30&Prime; margin_top=\u00a0\u00bb40&Prime; font_family=\u00a0\u00bbnone\u00a0\u00bb align=\u00a0\u00bbcenter\u00a0\u00bb]Galerie[\/mk_fancy_title][\/vc_column][\/vc_row][vc_row fullwidth=\u00a0\u00bbtrue\u00a0\u00bb fullwidth_content=\u00a0\u00bbfalse\u00a0\u00bb padding=\u00a0\u00bb0&Prime; css=\u00a0\u00bb.vc_custom_1516375291709{background-color: #5c2946 !important;}\u00a0\u00bb][vc_column][mk_padding_divider size=\u00a0\u00bb6&Prime;][\/vc_column][\/vc_row][mk_page_section full_width=\u00a0\u00bbtrue\u00a0\u00bb padding_top=\u00a0\u00bb0&Prime; padding_bottom=\u00a0\u00bb0&Prime; sidebar=\u00a0\u00bbsidebar-1&Prime;][vc_column][mk_gallery images=\u00a0\u00bb5796,6104,5680,5781,5778,5793,5800,5799,5797,5795,5678,5794,5684,5677,5704,5703,5691,5775,5782,5783,5784,5785,5786,5787,5788,5789,5790,5791,5792,5801,5802,5803,5804,5805,5806,5807,5808,5809,5833,6008,6009,6010,6011,6012,6022,6023,6024,6025,6026,5687,5689,5692,5773,5752,6109,6111,6112,6113,6114,6115,6116,6119,6120,6121,5798,5938,5941,5939,5747,5746,6032,5744,5745,5743,5742,5741&Prime; style=\u00a0\u00bbstyle3&Prime; item_spacing=\u00a0\u00bb5&Prime; margin_bottom=\u00a0\u00bb0&Prime; orderby=\u00a0\u00bbpost__in\u00a0\u00bb][\/vc_column][\/mk_page_section][vc_row fullwidth=\u00a0\u00bbtrue\u00a0\u00bb][vc_column][vc_row_inner attached=\u00a0\u00bbtrue\u00a0\u00bb css=\u00a0\u00bb.vc_custom_1517229357760{background-color: #5c2946 !important;}\u00a0\u00bb][vc_column_inner][mk_padding_divider size=\u00a0\u00bb34&Prime;][mk_fancy_title color=\u00a0\u00bb#ffffff\u00a0\u00bb size=\u00a0\u00bb33&Prime; font_weight=\u00a0\u00bb300&Prime; txt_transform=\u00a0\u00bbnone\u00a0\u00bb letter_spacing=\u00a0\u00bb2&Prime; margin_bottom=\u00a0\u00bb0&Prime; font_family=\u00a0\u00bbSatisfy\u00a0\u00bb font_type=\u00a0\u00bbgoogle\u00a0\u00bb align=\u00a0\u00bbcenter\u00a0\u00bb]\u00a0\u00bbC\u2019\u00e9tait presque comme si nous \u00e9tions des invit\u00e9s [&hellip;]","og_url":"https:\/\/www.riadsiwan.com\/fr\/galerie\/","og_site_name":"RIAD SIWAN","article_modified_time":"2026-03-12T23:16:05+00:00","twitter_card":"summary_large_image","twitter_misc":{"Dur\u00e9e de lecture estim\u00e9e":"1 minute"},"schema":{"@context":"https:\/\/schema.org","@graph":[{"@type":"WebPage","@id":"https:\/\/www.riadsiwan.com\/fr\/galerie\/","url":"https:\/\/www.riadsiwan.com\/fr\/galerie\/","name":"Galerie - RIAD SIWAN","isPartOf":{"@id":"https:\/\/www.riadsiwan.com\/#website"},"datePublished":"2018-01-19T17:05:09+00:00","dateModified":"2026-03-12T23:16:05+00:00","breadcrumb":{"@id":"https:\/\/www.riadsiwan.com\/fr\/galerie\/#breadcrumb"},"inLanguage":"fr-FR","potentialAction":[{"@type":"ReadAction","target":["https:\/\/www.riadsiwan.com\/fr\/galerie\/"]}]},{"@type":"BreadcrumbList","@id":"https:\/\/www.riadsiwan.com\/fr\/galerie\/#breadcrumb","itemListElement":[{"@type":"ListItem","position":1,"name":"Accueil","item":"https:\/\/www.riadsiwan.com\/fr\/"},{"@type":"ListItem","position":2,"name":"Galerie"}]},{"@type":"WebSite","@id":"https:\/\/www.riadsiwan.com\/#website","url":"https:\/\/www.riadsiwan.com\/","name":"RIAD SIWAN","description":"RIAD SIWAN MARRAKECH","potentialAction":[{"@type":"SearchAction","target":{"@type":"EntryPoint","urlTemplate":"https:\/\/www.riadsiwan.com\/?s={search_term_string}"},"query-input":{"@type":"PropertyValueSpecification","valueRequired":true,"valueName":"search_term_string"}}],"inLanguage":"fr-FR"}]}},"_links":{"self":[{"href":"https:\/\/www.riadsiwan.com\/fr\/wp-json\/wp\/v2\/pages\/6165","targetHints":{"allow":["GET"]}}],"collection":[{"href":"https:\/\/www.riadsiwan.com\/fr\/wp-json\/wp\/v2\/pages"}],"about":[{"href":"https:\/\/www.riadsiwan.com\/fr\/wp-json\/wp\/v2\/types\/page"}],"author":[{"embeddable":true,"href":"https:\/\/www.riadsiwan.com\/fr\/wp-json\/wp\/v2\/users\/1"}],"replies":[{"embeddable":true,"href":"https:\/\/www.riadsiwan.com\/fr\/wp-json\/wp\/v2\/comments?post=6165"}],"version-history":[{"count":0,"href":"https:\/\/www.riadsiwan.com\/fr\/wp-json\/wp\/v2\/pages\/6165\/revisions"}],"wp:attachment":[{"href":"https:\/\/www.riadsiwan.com\/fr\/wp-json\/wp\/v2\/media?parent=6165"}],"curies":[{"name":"wp","href":"https:\/\/api.w.org\/{rel}","templated":true}]}}