{"id":6163,"date":"2015-04-24T06:32:28","date_gmt":"2015-04-24T04:32:28","guid":{"rendered":"http:\/\/riadsiwan.com\/contact\/"},"modified":"2026-01-31T12:16:17","modified_gmt":"2026-01-31T11:16:17","slug":"contact","status":"publish","type":"page","link":"https:\/\/www.riadsiwan.com\/fr\/contact\/","title":{"rendered":"Contact"},"content":{"rendered":"<div class=\"wpb-content-wrapper\">[vc_row fullwidth=\u00a0\u00bbtrue\u00a0\u00bb fullwidth_content=\u00a0\u00bbfalse\u00a0\u00bb padding=\u00a0\u00bb0&Prime; css=\u00a0\u00bb.vc_custom_1517230504409{background-color: #303030 !important;}\u00a0\u00bb][vc_column][mk_fancy_title tag_name=\u00a0\u00bbh1&Prime; color=\u00a0\u00bb#ffffff\u00a0\u00bb size=\u00a0\u00bb60&Prime; force_font_size=\u00a0\u00bbtrue\u00a0\u00bb size_smallscreen=\u00a0\u00bb40&Prime; size_tablet=\u00a0\u00bb35&Prime; size_phone=\u00a0\u00bb30&Prime; margin_top=\u00a0\u00bb40&Prime; font_family=\u00a0\u00bbnone\u00a0\u00bb align=\u00a0\u00bbcenter\u00a0\u00bb]Contact[\/mk_fancy_title][\/vc_column][\/vc_row][vc_row fullwidth=\u00a0\u00bbtrue\u00a0\u00bb fullwidth_content=\u00a0\u00bbfalse\u00a0\u00bb padding=\u00a0\u00bb0&Prime; css=\u00a0\u00bb.vc_custom_1516375291709{background-color: #5c2946 !important;}\u00a0\u00bb][vc_column][mk_padding_divider size=\u00a0\u00bb6&Prime;][\/vc_column][\/vc_row][vc_row fullwidth=\u00a0\u00bbtrue\u00a0\u00bb equal_columns=\u00a0\u00bbtrue\u00a0\u00bb attached=\u00a0\u00bbtrue\u00a0\u00bb][vc_column width=\u00a0\u00bb1\/2&Prime;][mk_custom_box padding_vertical=\u00a0\u00bb0&Prime; padding_horizental=\u00a0\u00bb0&Prime; margin_bottom=\u00a0\u00bb0&Prime; min_height=\u00a0\u00bb600&Prime; bg_image=\u00a0\u00bbhttp:\/\/riadsiwan.com\/wp-content\/uploads\/2018\/01\/garden.jpg\u00a0\u00bb bg_stretch=\u00a0\u00bbtrue\u00a0\u00bb][\/mk_custom_box][\/vc_column][vc_column width=\u00a0\u00bb1\/2&Prime;][vc_raw_html]JTNDaWZyYW1lJTIwc3JjJTNEJTIyaHR0cHMlM0ElMkYlMkZ3d3cuZ29vZ2xlLmNvbSUyRm1hcHMlMkZlbWJlZCUzRnBiJTNEJTIxMW0xNCUyMTFtOCUyMTFtMyUyMTFkMTM1ODkuNTI2NDkyNDk0NTklMjEyZC03Ljk4NDk0JTIxM2QzMS42MjM0JTIxM20yJTIxMWkxMDI0JTIxMmk3NjglMjE0ZjEzLjElMjEzbTMlMjExbTIlMjExczB4MCUyNTNBMHg0YTM1NTRjYmYxNDVlNGRlJTIxMnNSaWFkJTJCU2l3YW4lMjE1ZTAlMjEzbTIlMjExc2ZyJTIxMnMlMjE0djE1MTkyMTg1ODU2NzglMjIlMjB3aWR0aCUzRCUyMjEwMCUyNSUyMiUyMGhlaWdodCUzRCUyMjEwMCUyNSUyMiUyMGZyYW1lYm9yZGVyJTNEJTIyMCUyMiUyMHN0eWxlJTNEJTIyYm9yZGVyJTNBMCUyMiUyMGFsbG93ZnVsbHNjcmVlbiUzRSUzQyUyRmlmcmFtZSUzRSUwQSUzQ1NUWUxFJTNFJTBBaWZyYW1lJTIwJTdCJTBBJTIwJTIwJTIwJTIwSEVJR0hUJTNBJTIwNjAwUFglM0IlMEElN0QlMEElM0MlMkZTVFlMRSUzRQ==[\/vc_raw_html][\/vc_column][\/vc_row][vc_row][vc_column][mk_padding_divider size=\u00a0\u00bb120&Prime;][\/vc_column][\/vc_row][vc_row][vc_column width=\u00a0\u00bb1\/4&Prime;][\/vc_column][vc_column width=\u00a0\u00bb1\/2&Prime;][mk_fancy_title tag_name=\u00a0\u00bbh3&Prime; color=\u00a0\u00bb#000000&Prime; size=\u00a0\u00bb26&Prime; font_weight=\u00a0\u00bbbold\u00a0\u00bb txt_transform=\u00a0\u00bbcapitalize\u00a0\u00bb letter_spacing=\u00a0\u00bb1&Prime; margin_bottom=\u00a0\u00bb0&Prime; font_family=\u00a0\u00bbWork+Sans\u00a0\u00bb font_type=\u00a0\u00bbgoogle\u00a0\u00bb align=\u00a0\u00bbcenter\u00a0\u00bb]Riad Siwan[\/mk_fancy_title][vc_column_text align=\u00a0\u00bbcenter\u00a0\u00bb css=\u00a0\u00bb.vc_custom_1517418409746{margin-bottom: 0px !important;}\u00a0\u00bb]n\u00b028, Zanka Adika, Riad Zitoun Jdid, Marrakech Medina, Morocco[\/vc_column_text][vc_column_text align=\u00a0\u00bbcenter\u00a0\u00bb css=\u00a0\u00bb.vc_custom_1517418093882{margin-bottom: 0px !important;}\u00a0\u00bb]<a href=\"tel:+212661158173\">+212 (0)66 115 81 73<\/a><br \/>\n<a href=\"tel:+212661158179\">+212 (0)66 115 81 79<\/a>[\/vc_column_text][vc_column_text align=\u00a0\u00bbcenter\u00a0\u00bb css=\u00a0\u00bb.vc_custom_1517418375850{margin-bottom: 0px !important;}\u00a0\u00bb]<a href=\"mailto:http:\/\/info@riadsiwan.com\">info@riadsiwan.com<\/a>[\/vc_column_text][mk_social_networks size=\u00a0\u00bblarge\u00a0\u00bb style=\u00a0\u00bbsimple\u00a0\u00bb margin=\u00a0\u00bb10&Prime; icon_color=\u00a0\u00bb#000000&Prime; icon_hover_color=\u00a0\u00bb#444444&Prime; align=\u00a0\u00bbcenter\u00a0\u00bb facebook=\u00a0\u00bbhttps:\/\/www.facebook.com\/Riad-Siwan-688661067840869\/\u00a0\u00bb pinterest=\u00a0\u00bbhttps:\/\/www.pinterest.fr\/riadsiwan\/impressions-of-marrakech\/\u00a0\u00bb google_plus=\u00a0\u00bbhttps:\/\/plus.google.com\/107707555790892869895&Prime; instagram=\u00a0\u00bbhttps:\/\/www.instagram.com\/riadsiwan\/\u00a0\u00bb][vc_column_text visibility=\u00a0\u00bbhidden-sm\u00a0\u00bb css=\u00a0\u00bb.vc_custom_1517420473528{margin-bottom: 0px !important;}\u00a0\u00bb]\n<div id=\"TA_cdsratingsonlywide436\" class=\"TA_cdsratingsonlywide\">\n<ul id=\"a992MGs\" class=\"TA_links s7oQVQKM\">\n<li id=\"t8XvjMp\" class=\"um49BTSbXv\"><a href=\"https:\/\/www.tripadvisor.com\/\" target=\"_blank\" rel=\"noopener\"><img decoding=\"async\" src=\"https:\/\/www.tripadvisor.com\/img\/cdsi\/img2\/branding\/tripadvisor_logo_transp_340x80-18034-2.png\" alt=\"TripAdvisor\" \/><\/a><\/li>\n<\/ul>\n<\/div>\n<p><script async src=\"https:\/\/www.jscache.com\/wejs?wtype=cdsratingsonlywide&amp;uniq=436&amp;locationId=1777590&amp;lang=en_US&amp;border=true&amp;display_version=2\"><\/script>[\/vc_column_text][mk_padding_divider visibility=\u00a0\u00bbvisible-sm\u00a0\u00bb][\/vc_column][vc_column width=\u00a0\u00bb1\/4&Prime;][\/vc_column][\/vc_row][vc_row][vc_column][mk_padding_divider size=\u00a0\u00bb90&Prime;][\/vc_column][\/vc_row][vc_row][vc_column width=\u00a0\u00bb1\/6&Prime;][\/vc_column][vc_column width=\u00a0\u00bb2\/3&Prime;][mk_contact_form button_text=\u00a0\u00bbENVOYER\u00a0\u00bb email=\u00a0\u00bbinfo@riadsiwan.com\u00a0\u00bb captcha=\u00a0\u00bbfalse\u00a0\u00bb][\/vc_column][vc_column width=\u00a0\u00bb1\/6&Prime;][\/vc_column][\/vc_row][vc_row fullwidth=\u00a0\u00bbtrue\u00a0\u00bb][vc_column][vc_row_inner attached=\u00a0\u00bbtrue\u00a0\u00bb css=\u00a0\u00bb.vc_custom_1517229357760{background-color: #5c2946 !important;}\u00a0\u00bb][vc_column_inner][mk_padding_divider size=\u00a0\u00bb34&Prime;][mk_fancy_title color=\u00a0\u00bb#ffffff\u00a0\u00bb size=\u00a0\u00bb33&Prime; font_weight=\u00a0\u00bb300&Prime; txt_transform=\u00a0\u00bbnone\u00a0\u00bb letter_spacing=\u00a0\u00bb2&Prime; margin_bottom=\u00a0\u00bb0&Prime; font_family=\u00a0\u00bbSatisfy\u00a0\u00bb font_type=\u00a0\u00bbgoogle\u00a0\u00bb align=\u00a0\u00bbcenter\u00a0\u00bb]\u00a0\u00bbC\u2019\u00e9tait presque comme si nous \u00e9tions des invit\u00e9s dans leur maison\u00a0\u00bb[\/mk_fancy_title][mk_padding_divider size=\u00a0\u00bb20&Prime;][\/vc_column_inner][\/vc_row_inner][\/vc_column][\/vc_row]\n<\/div>","protected":false},"excerpt":{"rendered":"<p>[vc_row fullwidth=\u00a0\u00bbtrue\u00a0\u00bb fullwidth_content=\u00a0\u00bbfalse\u00a0\u00bb padding=\u00a0\u00bb0&Prime; css=\u00a0\u00bb.vc_custom_1517230504409{background-color: #303030 !important;}\u00a0\u00bb][vc_column][mk_fancy_title tag_name=\u00a0\u00bbh1&Prime; color=\u00a0\u00bb#ffffff\u00a0\u00bb size=\u00a0\u00bb60&Prime; force_font_size=\u00a0\u00bbtrue\u00a0\u00bb size_smallscreen=\u00a0\u00bb40&Prime; size_tablet=\u00a0\u00bb35&Prime; size_phone=\u00a0\u00bb30&Prime; margin_top=\u00a0\u00bb40&Prime; font_family=\u00a0\u00bbnone\u00a0\u00bb align=\u00a0\u00bbcenter\u00a0\u00bb]Contact[\/mk_fancy_title][\/vc_column][\/vc_row][vc_row fullwidth=\u00a0\u00bbtrue\u00a0\u00bb fullwidth_content=\u00a0\u00bbfalse\u00a0\u00bb padding=\u00a0\u00bb0&Prime; css=\u00a0\u00bb.vc_custom_1516375291709{background-color: #5c2946 !important;}\u00a0\u00bb][vc_column][mk_padding_divider size=\u00a0\u00bb6&Prime;][\/vc_column][\/vc_row][vc_row fullwidth=\u00a0\u00bbtrue\u00a0\u00bb equal_columns=\u00a0\u00bbtrue\u00a0\u00bb attached=\u00a0\u00bbtrue\u00a0\u00bb][vc_column width=\u00a0\u00bb1\/2&Prime;][mk_custom_box padding_vertical=\u00a0\u00bb0&Prime; padding_horizental=\u00a0\u00bb0&Prime; margin_bottom=\u00a0\u00bb0&Prime; min_height=\u00a0\u00bb600&Prime; bg_image=\u00a0\u00bbhttp:\/\/riadsiwan.com\/wp-content\/uploads\/2018\/01\/garden.jpg\u00a0\u00bb bg_stretch=\u00a0\u00bbtrue\u00a0\u00bb][\/mk_custom_box][\/vc_column][vc_column width=\u00a0\u00bb1\/2&Prime;][vc_raw_html]JTNDaWZyYW1lJTIwc3JjJTNEJTIyaHR0cHMlM0ElMkYlMkZ3d3cuZ29vZ2xlLmNvbSUyRm1hcHMlMkZlbWJlZCUzRnBiJTNEJTIxMW0xNCUyMTFtOCUyMTFtMyUyMTFkMTM1ODkuNTI2NDkyNDk0NTklMjEyZC03Ljk4NDk0JTIxM2QzMS42MjM0JTIxM20yJTIxMWkxMDI0JTIxMmk3NjglMjE0ZjEzLjElMjEzbTMlMjExbTIlMjExczB4MCUyNTNBMHg0YTM1NTRjYmYxNDVlNGRlJTIxMnNSaWFkJTJCU2l3YW4lMjE1ZTAlMjEzbTIlMjExc2ZyJTIxMnMlMjE0djE1MTkyMTg1ODU2NzglMjIlMjB3aWR0aCUzRCUyMjEwMCUyNSUyMiUyMGhlaWdodCUzRCUyMjEwMCUyNSUyMiUyMGZyYW1lYm9yZGVyJTNEJTIyMCUyMiUyMHN0eWxlJTNEJTIyYm9yZGVyJTNBMCUyMiUyMGFsbG93ZnVsbHNjcmVlbiUzRSUzQyUyRmlmcmFtZSUzRSUwQSUzQ1NUWUxFJTNFJTBBaWZyYW1lJTIwJTdCJTBBJTIwJTIwJTIwJTIwSEVJR0hUJTNBJTIwNjAwUFglM0IlMEElN0QlMEElM0MlMkZTVFlMRSUzRQ==[\/vc_raw_html][\/vc_column][\/vc_row][vc_row][vc_column][mk_padding_divider size=\u00a0\u00bb120&Prime;][\/vc_column][\/vc_row][vc_row][vc_column width=\u00a0\u00bb1\/4&Prime;][\/vc_column][vc_column width=\u00a0\u00bb1\/2&Prime;][mk_fancy_title tag_name=\u00a0\u00bbh3&Prime; color=\u00a0\u00bb#000000&Prime; size=\u00a0\u00bb26&Prime; font_weight=\u00a0\u00bbbold\u00a0\u00bb txt_transform=\u00a0\u00bbcapitalize\u00a0\u00bb letter_spacing=\u00a0\u00bb1&Prime; margin_bottom=\u00a0\u00bb0&Prime; font_family=\u00a0\u00bbWork+Sans\u00a0\u00bb font_type=\u00a0\u00bbgoogle\u00a0\u00bb align=\u00a0\u00bbcenter\u00a0\u00bb]Riad Siwan[\/mk_fancy_title][vc_column_text align=\u00a0\u00bbcenter\u00a0\u00bb css=\u00a0\u00bb.vc_custom_1517418409746{margin-bottom: 0px !important;}\u00a0\u00bb]n\u00b028, Zanka Adika, [&hellip;]<\/p>\n","protected":false},"author":1,"featured_media":0,"parent":0,"menu_order":0,"comment_status":"closed","ping_status":"closed","template":"","meta":{"footnotes":""},"class_list":["post-6163","page","type-page","status-publish","hentry"],"yoast_head":"<!-- This site is optimized with the Yoast SEO plugin v27.3 - https:\/\/yoast.com\/product\/yoast-seo-wordpress\/ -->\n<title>Contact - RIAD SIWAN<\/title>\n<meta name=\"robots\" content=\"index, follow, max-snippet:-1, max-image-preview:large, max-video-preview:-1\" \/>\n<link rel=\"canonical\" href=\"https:\/\/www.riadsiwan.com\/contact\/\" \/>\n<meta property=\"og:locale\" content=\"fr_FR\" \/>\n<meta property=\"og:type\" content=\"article\" \/>\n<meta property=\"og:title\" content=\"Contact - RIAD SIWAN\" \/>\n<meta property=\"og:description\" content=\"[vc_row fullwidth=\u00a0\u00bbtrue\u00a0\u00bb fullwidth_content=\u00a0\u00bbfalse\u00a0\u00bb padding=\u00a0\u00bb0&Prime; css=\u00a0\u00bb.vc_custom_1517230504409{background-color: #303030 !important;}\u00a0\u00bb][vc_column][mk_fancy_title tag_name=\u00a0\u00bbh1&Prime; color=\u00a0\u00bb#ffffff\u00a0\u00bb size=\u00a0\u00bb60&Prime; force_font_size=\u00a0\u00bbtrue\u00a0\u00bb size_smallscreen=\u00a0\u00bb40&Prime; size_tablet=\u00a0\u00bb35&Prime; size_phone=\u00a0\u00bb30&Prime; margin_top=\u00a0\u00bb40&Prime; font_family=\u00a0\u00bbnone\u00a0\u00bb align=\u00a0\u00bbcenter\u00a0\u00bb]Contact[\/mk_fancy_title][\/vc_column][\/vc_row][vc_row fullwidth=\u00a0\u00bbtrue\u00a0\u00bb fullwidth_content=\u00a0\u00bbfalse\u00a0\u00bb padding=\u00a0\u00bb0&Prime; css=\u00a0\u00bb.vc_custom_1516375291709{background-color: #5c2946 !important;}\u00a0\u00bb][vc_column][mk_padding_divider size=\u00a0\u00bb6&Prime;][\/vc_column][\/vc_row][vc_row fullwidth=\u00a0\u00bbtrue\u00a0\u00bb equal_columns=\u00a0\u00bbtrue\u00a0\u00bb attached=\u00a0\u00bbtrue\u00a0\u00bb][vc_column width=\u00a0\u00bb1\/2&Prime;][mk_custom_box padding_vertical=\u00a0\u00bb0&Prime; padding_horizental=\u00a0\u00bb0&Prime; margin_bottom=\u00a0\u00bb0&Prime; min_height=\u00a0\u00bb600&Prime; bg_image=\u00a0\u00bbhttp:\/\/riadsiwan.com\/wp-content\/uploads\/2018\/01\/garden.jpg\u00a0\u00bb bg_stretch=\u00a0\u00bbtrue\u00a0\u00bb][\/mk_custom_box][\/vc_column][vc_column width=\u00a0\u00bb1\/2&Prime;][vc_raw_html]JTNDaWZyYW1lJTIwc3JjJTNEJTIyaHR0cHMlM0ElMkYlMkZ3d3cuZ29vZ2xlLmNvbSUyRm1hcHMlMkZlbWJlZCUzRnBiJTNEJTIxMW0xNCUyMTFtOCUyMTFtMyUyMTFkMTM1ODkuNTI2NDkyNDk0NTklMjEyZC03Ljk4NDk0JTIxM2QzMS42MjM0JTIxM20yJTIxMWkxMDI0JTIxMmk3NjglMjE0ZjEzLjElMjEzbTMlMjExbTIlMjExczB4MCUyNTNBMHg0YTM1NTRjYmYxNDVlNGRlJTIxMnNSaWFkJTJCU2l3YW4lMjE1ZTAlMjEzbTIlMjExc2ZyJTIxMnMlMjE0djE1MTkyMTg1ODU2NzglMjIlMjB3aWR0aCUzRCUyMjEwMCUyNSUyMiUyMGhlaWdodCUzRCUyMjEwMCUyNSUyMiUyMGZyYW1lYm9yZGVyJTNEJTIyMCUyMiUyMHN0eWxlJTNEJTIyYm9yZGVyJTNBMCUyMiUyMGFsbG93ZnVsbHNjcmVlbiUzRSUzQyUyRmlmcmFtZSUzRSUwQSUzQ1NUWUxFJTNFJTBBaWZyYW1lJTIwJTdCJTBBJTIwJTIwJTIwJTIwSEVJR0hUJTNBJTIwNjAwUFglM0IlMEElN0QlMEElM0MlMkZTVFlMRSUzRQ==[\/vc_raw_html][\/vc_column][\/vc_row][vc_row][vc_column][mk_padding_divider size=\u00a0\u00bb120&Prime;][\/vc_column][\/vc_row][vc_row][vc_column width=\u00a0\u00bb1\/4&Prime;][\/vc_column][vc_column width=\u00a0\u00bb1\/2&Prime;][mk_fancy_title tag_name=\u00a0\u00bbh3&Prime; color=\u00a0\u00bb#000000&Prime; size=\u00a0\u00bb26&Prime; font_weight=\u00a0\u00bbbold\u00a0\u00bb txt_transform=\u00a0\u00bbcapitalize\u00a0\u00bb letter_spacing=\u00a0\u00bb1&Prime; margin_bottom=\u00a0\u00bb0&Prime; font_family=\u00a0\u00bbWork+Sans\u00a0\u00bb font_type=\u00a0\u00bbgoogle\u00a0\u00bb align=\u00a0\u00bbcenter\u00a0\u00bb]Riad Siwan[\/mk_fancy_title][vc_column_text align=\u00a0\u00bbcenter\u00a0\u00bb css=\u00a0\u00bb.vc_custom_1517418409746{margin-bottom: 0px !important;}\u00a0\u00bb]n\u00b028, Zanka Adika, [&hellip;]\" \/>\n<meta property=\"og:url\" content=\"https:\/\/www.riadsiwan.com\/contact\/\" \/>\n<meta property=\"og:site_name\" content=\"RIAD SIWAN\" \/>\n<meta property=\"article:modified_time\" content=\"2026-01-31T11:16:17+00:00\" \/>\n<meta property=\"og:image\" content=\"https:\/\/www.tripadvisor.com\/img\/cdsi\/img2\/branding\/tripadvisor_logo_transp_340x80-18034-2.png\" \/>\n<meta name=\"twitter:card\" content=\"summary_large_image\" \/>\n<meta name=\"twitter:label1\" content=\"Dur\u00e9e de lecture estim\u00e9e\" \/>\n\t<meta name=\"twitter:data1\" content=\"2 minutes\" \/>\n<script type=\"application\/ld+json\" class=\"yoast-schema-graph\">{\"@context\":\"https:\\\/\\\/schema.org\",\"@graph\":[{\"@type\":\"WebPage\",\"@id\":\"https:\\\/\\\/www.riadsiwan.com\\\/contact\\\/\",\"url\":\"https:\\\/\\\/www.riadsiwan.com\\\/contact\\\/\",\"name\":\"Contact - RIAD SIWAN\",\"isPartOf\":{\"@id\":\"https:\\\/\\\/www.riadsiwan.com\\\/#website\"},\"primaryImageOfPage\":{\"@id\":\"https:\\\/\\\/www.riadsiwan.com\\\/contact\\\/#primaryimage\"},\"image\":{\"@id\":\"https:\\\/\\\/www.riadsiwan.com\\\/contact\\\/#primaryimage\"},\"thumbnailUrl\":\"https:\\\/\\\/www.tripadvisor.com\\\/img\\\/cdsi\\\/img2\\\/branding\\\/tripadvisor_logo_transp_340x80-18034-2.png\",\"datePublished\":\"2015-04-24T04:32:28+00:00\",\"dateModified\":\"2026-01-31T11:16:17+00:00\",\"breadcrumb\":{\"@id\":\"https:\\\/\\\/www.riadsiwan.com\\\/contact\\\/#breadcrumb\"},\"inLanguage\":\"fr-FR\",\"potentialAction\":[{\"@type\":\"ReadAction\",\"target\":[\"https:\\\/\\\/www.riadsiwan.com\\\/contact\\\/\"]}]},{\"@type\":\"ImageObject\",\"inLanguage\":\"fr-FR\",\"@id\":\"https:\\\/\\\/www.riadsiwan.com\\\/contact\\\/#primaryimage\",\"url\":\"https:\\\/\\\/www.tripadvisor.com\\\/img\\\/cdsi\\\/img2\\\/branding\\\/tripadvisor_logo_transp_340x80-18034-2.png\",\"contentUrl\":\"https:\\\/\\\/www.tripadvisor.com\\\/img\\\/cdsi\\\/img2\\\/branding\\\/tripadvisor_logo_transp_340x80-18034-2.png\"},{\"@type\":\"BreadcrumbList\",\"@id\":\"https:\\\/\\\/www.riadsiwan.com\\\/contact\\\/#breadcrumb\",\"itemListElement\":[{\"@type\":\"ListItem\",\"position\":1,\"name\":\"Accueil\",\"item\":\"https:\\\/\\\/www.riadsiwan.com\\\/fr\\\/\"},{\"@type\":\"ListItem\",\"position\":2,\"name\":\"Contact\"}]},{\"@type\":\"WebSite\",\"@id\":\"https:\\\/\\\/www.riadsiwan.com\\\/#website\",\"url\":\"https:\\\/\\\/www.riadsiwan.com\\\/\",\"name\":\"RIAD SIWAN\",\"description\":\"RIAD SIWAN MARRAKECH\",\"potentialAction\":[{\"@type\":\"SearchAction\",\"target\":{\"@type\":\"EntryPoint\",\"urlTemplate\":\"https:\\\/\\\/www.riadsiwan.com\\\/?s={search_term_string}\"},\"query-input\":{\"@type\":\"PropertyValueSpecification\",\"valueRequired\":true,\"valueName\":\"search_term_string\"}}],\"inLanguage\":\"fr-FR\"}]}<\/script>\n<!-- \/ Yoast SEO plugin. -->","yoast_head_json":{"title":"Contact - RIAD SIWAN","robots":{"index":"index","follow":"follow","max-snippet":"max-snippet:-1","max-image-preview":"max-image-preview:large","max-video-preview":"max-video-preview:-1"},"canonical":"https:\/\/www.riadsiwan.com\/contact\/","og_locale":"fr_FR","og_type":"article","og_title":"Contact - RIAD SIWAN","og_description":"[vc_row fullwidth=\u00a0\u00bbtrue\u00a0\u00bb fullwidth_content=\u00a0\u00bbfalse\u00a0\u00bb padding=\u00a0\u00bb0&Prime; css=\u00a0\u00bb.vc_custom_1517230504409{background-color: #303030 !important;}\u00a0\u00bb][vc_column][mk_fancy_title tag_name=\u00a0\u00bbh1&Prime; color=\u00a0\u00bb#ffffff\u00a0\u00bb size=\u00a0\u00bb60&Prime; force_font_size=\u00a0\u00bbtrue\u00a0\u00bb size_smallscreen=\u00a0\u00bb40&Prime; size_tablet=\u00a0\u00bb35&Prime; size_phone=\u00a0\u00bb30&Prime; margin_top=\u00a0\u00bb40&Prime; font_family=\u00a0\u00bbnone\u00a0\u00bb align=\u00a0\u00bbcenter\u00a0\u00bb]Contact[\/mk_fancy_title][\/vc_column][\/vc_row][vc_row fullwidth=\u00a0\u00bbtrue\u00a0\u00bb fullwidth_content=\u00a0\u00bbfalse\u00a0\u00bb padding=\u00a0\u00bb0&Prime; css=\u00a0\u00bb.vc_custom_1516375291709{background-color: #5c2946 !important;}\u00a0\u00bb][vc_column][mk_padding_divider size=\u00a0\u00bb6&Prime;][\/vc_column][\/vc_row][vc_row fullwidth=\u00a0\u00bbtrue\u00a0\u00bb equal_columns=\u00a0\u00bbtrue\u00a0\u00bb attached=\u00a0\u00bbtrue\u00a0\u00bb][vc_column width=\u00a0\u00bb1\/2&Prime;][mk_custom_box padding_vertical=\u00a0\u00bb0&Prime; padding_horizental=\u00a0\u00bb0&Prime; margin_bottom=\u00a0\u00bb0&Prime; min_height=\u00a0\u00bb600&Prime; bg_image=\u00a0\u00bbhttp:\/\/riadsiwan.com\/wp-content\/uploads\/2018\/01\/garden.jpg\u00a0\u00bb bg_stretch=\u00a0\u00bbtrue\u00a0\u00bb][\/mk_custom_box][\/vc_column][vc_column width=\u00a0\u00bb1\/2&Prime;][vc_raw_html]JTNDaWZyYW1lJTIwc3JjJTNEJTIyaHR0cHMlM0ElMkYlMkZ3d3cuZ29vZ2xlLmNvbSUyRm1hcHMlMkZlbWJlZCUzRnBiJTNEJTIxMW0xNCUyMTFtOCUyMTFtMyUyMTFkMTM1ODkuNTI2NDkyNDk0NTklMjEyZC03Ljk4NDk0JTIxM2QzMS42MjM0JTIxM20yJTIxMWkxMDI0JTIxMmk3NjglMjE0ZjEzLjElMjEzbTMlMjExbTIlMjExczB4MCUyNTNBMHg0YTM1NTRjYmYxNDVlNGRlJTIxMnNSaWFkJTJCU2l3YW4lMjE1ZTAlMjEzbTIlMjExc2ZyJTIxMnMlMjE0djE1MTkyMTg1ODU2NzglMjIlMjB3aWR0aCUzRCUyMjEwMCUyNSUyMiUyMGhlaWdodCUzRCUyMjEwMCUyNSUyMiUyMGZyYW1lYm9yZGVyJTNEJTIyMCUyMiUyMHN0eWxlJTNEJTIyYm9yZGVyJTNBMCUyMiUyMGFsbG93ZnVsbHNjcmVlbiUzRSUzQyUyRmlmcmFtZSUzRSUwQSUzQ1NUWUxFJTNFJTBBaWZyYW1lJTIwJTdCJTBBJTIwJTIwJTIwJTIwSEVJR0hUJTNBJTIwNjAwUFglM0IlMEElN0QlMEElM0MlMkZTVFlMRSUzRQ==[\/vc_raw_html][\/vc_column][\/vc_row][vc_row][vc_column][mk_padding_divider size=\u00a0\u00bb120&Prime;][\/vc_column][\/vc_row][vc_row][vc_column width=\u00a0\u00bb1\/4&Prime;][\/vc_column][vc_column width=\u00a0\u00bb1\/2&Prime;][mk_fancy_title tag_name=\u00a0\u00bbh3&Prime; color=\u00a0\u00bb#000000&Prime; size=\u00a0\u00bb26&Prime; font_weight=\u00a0\u00bbbold\u00a0\u00bb txt_transform=\u00a0\u00bbcapitalize\u00a0\u00bb letter_spacing=\u00a0\u00bb1&Prime; margin_bottom=\u00a0\u00bb0&Prime; font_family=\u00a0\u00bbWork+Sans\u00a0\u00bb font_type=\u00a0\u00bbgoogle\u00a0\u00bb align=\u00a0\u00bbcenter\u00a0\u00bb]Riad Siwan[\/mk_fancy_title][vc_column_text align=\u00a0\u00bbcenter\u00a0\u00bb css=\u00a0\u00bb.vc_custom_1517418409746{margin-bottom: 0px !important;}\u00a0\u00bb]n\u00b028, Zanka Adika, [&hellip;]","og_url":"https:\/\/www.riadsiwan.com\/contact\/","og_site_name":"RIAD SIWAN","article_modified_time":"2026-01-31T11:16:17+00:00","og_image":[{"url":"https:\/\/www.tripadvisor.com\/img\/cdsi\/img2\/branding\/tripadvisor_logo_transp_340x80-18034-2.png","type":"","width":"","height":""}],"twitter_card":"summary_large_image","twitter_misc":{"Dur\u00e9e de lecture estim\u00e9e":"2 minutes"},"schema":{"@context":"https:\/\/schema.org","@graph":[{"@type":"WebPage","@id":"https:\/\/www.riadsiwan.com\/contact\/","url":"https:\/\/www.riadsiwan.com\/contact\/","name":"Contact - RIAD SIWAN","isPartOf":{"@id":"https:\/\/www.riadsiwan.com\/#website"},"primaryImageOfPage":{"@id":"https:\/\/www.riadsiwan.com\/contact\/#primaryimage"},"image":{"@id":"https:\/\/www.riadsiwan.com\/contact\/#primaryimage"},"thumbnailUrl":"https:\/\/www.tripadvisor.com\/img\/cdsi\/img2\/branding\/tripadvisor_logo_transp_340x80-18034-2.png","datePublished":"2015-04-24T04:32:28+00:00","dateModified":"2026-01-31T11:16:17+00:00","breadcrumb":{"@id":"https:\/\/www.riadsiwan.com\/contact\/#breadcrumb"},"inLanguage":"fr-FR","potentialAction":[{"@type":"ReadAction","target":["https:\/\/www.riadsiwan.com\/contact\/"]}]},{"@type":"ImageObject","inLanguage":"fr-FR","@id":"https:\/\/www.riadsiwan.com\/contact\/#primaryimage","url":"https:\/\/www.tripadvisor.com\/img\/cdsi\/img2\/branding\/tripadvisor_logo_transp_340x80-18034-2.png","contentUrl":"https:\/\/www.tripadvisor.com\/img\/cdsi\/img2\/branding\/tripadvisor_logo_transp_340x80-18034-2.png"},{"@type":"BreadcrumbList","@id":"https:\/\/www.riadsiwan.com\/contact\/#breadcrumb","itemListElement":[{"@type":"ListItem","position":1,"name":"Accueil","item":"https:\/\/www.riadsiwan.com\/fr\/"},{"@type":"ListItem","position":2,"name":"Contact"}]},{"@type":"WebSite","@id":"https:\/\/www.riadsiwan.com\/#website","url":"https:\/\/www.riadsiwan.com\/","name":"RIAD SIWAN","description":"RIAD SIWAN MARRAKECH","potentialAction":[{"@type":"SearchAction","target":{"@type":"EntryPoint","urlTemplate":"https:\/\/www.riadsiwan.com\/?s={search_term_string}"},"query-input":{"@type":"PropertyValueSpecification","valueRequired":true,"valueName":"search_term_string"}}],"inLanguage":"fr-FR"}]}},"_links":{"self":[{"href":"https:\/\/www.riadsiwan.com\/fr\/wp-json\/wp\/v2\/pages\/6163","targetHints":{"allow":["GET"]}}],"collection":[{"href":"https:\/\/www.riadsiwan.com\/fr\/wp-json\/wp\/v2\/pages"}],"about":[{"href":"https:\/\/www.riadsiwan.com\/fr\/wp-json\/wp\/v2\/types\/page"}],"author":[{"embeddable":true,"href":"https:\/\/www.riadsiwan.com\/fr\/wp-json\/wp\/v2\/users\/1"}],"replies":[{"embeddable":true,"href":"https:\/\/www.riadsiwan.com\/fr\/wp-json\/wp\/v2\/comments?post=6163"}],"version-history":[{"count":0,"href":"https:\/\/www.riadsiwan.com\/fr\/wp-json\/wp\/v2\/pages\/6163\/revisions"}],"wp:attachment":[{"href":"https:\/\/www.riadsiwan.com\/fr\/wp-json\/wp\/v2\/media?parent=6163"}],"curies":[{"name":"wp","href":"https:\/\/api.w.org\/{rel}","templated":true}]}}