{"id":6162,"date":"2018-01-19T17:56:50","date_gmt":"2018-01-19T16:56:50","guid":{"rendered":"http:\/\/riadsiwan.com\/about-us\/"},"modified":"2026-03-13T00:16:36","modified_gmt":"2026-03-12T23:16:36","slug":"a-propos-de-nous","status":"publish","type":"page","link":"https:\/\/www.riadsiwan.com\/fr\/a-propos-de-nous\/","title":{"rendered":"\u00c0 propos de nous"},"content":{"rendered":"<div class=\"wpb-content-wrapper\">[vc_row fullwidth=\u00a0\u00bbtrue\u00a0\u00bb equal_columns=\u00a0\u00bbtrue\u00a0\u00bb attached=\u00a0\u00bbtrue\u00a0\u00bb][vc_column][mk_edge_slider order=\u00a0\u00bbASC\u00a0\u00bb direction_nav=\u00a0\u00bbnone\u00a0\u00bb pagination=\u00a0\u00bbsmall_dot_stroke\u00a0\u00bb slides=\u00a0\u00bb6208, 6198, 6197&Prime;][\/vc_column][\/vc_row][vc_row fullwidth=\u00a0\u00bbtrue\u00a0\u00bb fullwidth_content=\u00a0\u00bbfalse\u00a0\u00bb padding=\u00a0\u00bb0&Prime; css=\u00a0\u00bb.vc_custom_1517230504409{background-color: #303030 !important;}\u00a0\u00bb][vc_column][mk_fancy_title tag_name=\u00a0\u00bbh1&Prime; color=\u00a0\u00bb#ffffff\u00a0\u00bb size=\u00a0\u00bb60&Prime; force_font_size=\u00a0\u00bbtrue\u00a0\u00bb size_smallscreen=\u00a0\u00bb40&Prime; size_tablet=\u00a0\u00bb35&Prime; size_phone=\u00a0\u00bb30&Prime; margin_top=\u00a0\u00bb11&Prime; margin_bottom=\u00a0\u00bb0&Prime; font_family=\u00a0\u00bbnone\u00a0\u00bb align=\u00a0\u00bbcenter\u00a0\u00bb]\u00c0 propos de nous[\/mk_fancy_title][\/vc_column][\/vc_row][mk_page_section full_width=\u00a0\u00bbtrue\u00a0\u00bb sidebar=\u00a0\u00bbsidebar-1&Prime;][vc_column][mk_padding_divider size=\u00a0\u00bb20&Prime;][vc_row_inner is_fullwidth_content=\u00a0\u00bbfalse\u00a0\u00bb][vc_column_inner width=\u00a0\u00bb1\/2&Prime;][vc_single_image image=\u00a0\u00bb6030&Prime; img_size=\u00a0\u00bbfull\u00a0\u00bb][\/vc_column_inner][vc_column_inner width=\u00a0\u00bb1\/2&Prime;][mk_fancy_title color=\u00a0\u00bb#303030&Prime; size=\u00a0\u00bb40&Prime; force_font_size=\u00a0\u00bbtrue\u00a0\u00bb size_smallscreen=\u00a0\u00bb35&Prime; size_tablet=\u00a0\u00bb30&Prime; size_phone=\u00a0\u00bb25&Prime; margin_top=\u00a0\u00bb50&Prime; font_family=\u00a0\u00bbnone\u00a0\u00bb]Le Riad Siwan \u00e9tait un ancien palais de la famille Khaloufi et a \u00e9t\u00e9 construit au 19\u00e8me si\u00e8cle.[\/mk_fancy_title][\/vc_column_inner][\/vc_row_inner][vc_row_inner is_fullwidth_content=\u00a0\u00bbfalse\u00a0\u00bb][vc_column_inner][mk_dropcaps style=\u00a0\u00bbfancy-style\u00a0\u00bb]\u00c0[\/mk_dropcaps][vc_column_text disable_pattern=\u00a0\u00bbfalse\u00a0\u00bb align=\u00a0\u00bbcenter\u00a0\u00bb css=\u00a0\u00bb.vc_custom_1520853972569{margin-bottom: 0px !important;}\u00a0\u00bb]\n<p style=\"text-align: justify;\">quelques minutes \u00e0 pied du brouhaha exotique de la place Jemaa el Fna, le Riad Siwan combine l&rsquo;intimit\u00e9 d&rsquo;un Riad traditionnel avec le chic du design moderne. De la tour situ\u00e9e sur le toit terrasse, l&rsquo;ancien c\u0153ur de la ville rouge est litt\u00e9ralement \u00e0 vos pieds, avec les montagnes enneig\u00e9es du Haut Atlas qui scintillent au loin.<\/p>\n<p style=\"text-align: justify;\">La propri\u00e9t\u00e9 est rest\u00e9e dans la famille jusqu&rsquo;\u00e0 ce que nous l\u2019achetions en 2005.<\/p>\n<p style=\"text-align: justify;\">M. Khaloufi \u00e9tait magistrat au tribunal de Marrakech au 19\u00e8me si\u00e8cle. Le Riad a \u00e9t\u00e9 construit \u00e0 l&rsquo;origine comme sa \u00ab maison de ville \u00bb.<\/p>\n<p style=\"text-align: justify;\">Nous avons restaur\u00e9 le b\u00e2timent \u00e0 l\u2019image de ses temps de gloire et cela nous a pris 3,5 ans de travail acharn\u00e9. Nous avons utilis\u00e9 des artisans dans tout le Maroc pour recr\u00e9er ses sculptures en pl\u00e2tre, ses portes en bois de c\u00e8dre de 4 m\u00e8tres de haut, ses plafonds en bois de c\u00e8dre sculpt\u00e9, en composant avec les n\u00e9cessit\u00e9s du confort du 21\u00e8me si\u00e8cle telles que l\u2019air conditionn\u00e9, les salles de bains avec douches, le chauffage et la piscine.<\/p>\n<p style=\"text-align: justify;\">Le Riad Siwan vous permet de cr\u00e9er votre conte des Mille et Une Nuits des temps modernes: chambres \u00e9l\u00e9gantes et spacieuses pour se d\u00e9tendre, chaises longues sur le toit terrasse ombrag\u00e9 (avec une piscine pour se rafra\u00eechir pendant la chaleur de la journ\u00e9e), salle \u00e0 manger romantique et succulente cuisine marocaine. Mais plus que tout, un personnel enthousiaste et attentionn\u00e9 qui a pour objectif de rendre votre s\u00e9jour au Maroc m\u00e9morable.<\/p>\n[\/vc_column_text][\/vc_column_inner][\/vc_row_inner][mk_padding_divider][\/vc_column][\/mk_page_section][vc_row fullwidth=\u00a0\u00bbtrue\u00a0\u00bb fullwidth_content=\u00a0\u00bbfalse\u00a0\u00bb css=\u00a0\u00bb.vc_custom_1520248367772{padding-top: 60px !important;padding-bottom: 40px !important;background-color: #1d1d1d !important;}\u00a0\u00bb][vc_column width=\u00a0\u00bb1\/2&Prime;][vc_single_image image=\u00a0\u00bb6109&Prime; img_size=\u00a0\u00bbfull\u00a0\u00bb alignment=\u00a0\u00bbcenter\u00a0\u00bb style=\u00a0\u00bbvc_box_shadow_3d\u00a0\u00bb onclick=\u00a0\u00bbcustom_link\u00a0\u00bb img_link_target=\u00a0\u00bb_blank\u00a0\u00bb link=\u00a0\u00bbhttps:\/\/www.efamorocco.org\u00a0\u00bb][\/vc_column][vc_column width=\u00a0\u00bb1\/2&Prime;][mk_fancy_title color=\u00a0\u00bb#ffffff\u00a0\u00bb size=\u00a0\u00bb33&Prime; letter_spacing=\u00a0\u00bb2&Prime; margin_bottom=\u00a0\u00bb0&Prime; font_family=\u00a0\u00bbnone\u00a0\u00bb]L&rsquo;\u00e9ducation pour tout le Maroc[\/mk_fancy_title][vc_column_text css=\u00a0\u00bb.vc_custom_1521462463561{margin-bottom: 0px !important;}\u00a0\u00bb]\n<p style=\"text-align: justify;\"><span style=\"color: #ffffff;\">En 2007, un groupe d&rsquo;amis de Marrakech a lanc\u00e9 une ONG appel\u00e9e \u00ab\u00a0Education for All\u00a0\u00bb. Nous voulons donner aux jeunes filles du Maroc rural la chance de suivre une \u00e9ducation secondaire parce que nous croyons que tout le monde a droit \u00e0 l&rsquo;\u00e9ducation, et lorsque vous \u00e9duquez une jeune fille, vous \u00e9duquez \u00e9galement la g\u00e9n\u00e9ration suivante.<\/span><\/p>\n<p style=\"text-align: justify;\"><span style=\"color: #ffffff;\">\u00c0 l&rsquo;heure actuelle, peu de filles des communaut\u00e9s rurales du Maroc poursuivent leurs \u00e9tudes apr\u00e8s l&rsquo;\u00e9cole primaire. Les \u00e9coles secondaires ne leur sont pas accessibles, principalement parce qu&rsquo;elles vivent trop loin des rares \u00e9coles, et que leurs familles n&rsquo;ont pas les moyens de payer les frais de transport. Notre projet de pensionnats est un moyen simple, efficace et rentable pour faire face aux d\u00e9fis de l&rsquo;acc\u00e8s des filles \u00e0 l&rsquo;\u00e9cole. Les pensionnats EFA sont enti\u00e8rement gratuits. De surcroit, ils permettent aux jeunes filles d\u2019\u00e9tudier avec le soutien de b\u00e9n\u00e9voles, d\u2019avoir acc\u00e8s \u00e0 des ordinateurs et \u00e0 de nombreux moyens pour d\u00e9velopper leurs comp\u00e9tences personnelles afin qu&rsquo;elles aient la capacit\u00e9 et la confiance d\u2019atteindre l&rsquo;universit\u00e9. Nous avons maintenant 50 filles inscrites \u00e0 l&rsquo;universit\u00e9 (en 2017) et l\u2019une d\u2019entre elles est en ma\u00eetrise, ce qui montre que ce soutien fonctionne !<\/span><\/p>\n<p style=\"text-align: center;\"><a style=\"color: #ffffff;\" href=\"https:\/\/www.efamorocco.org\/\" target=\"_blank\" rel=\"noopener\"><u>En savoir plus<\/u><\/a><\/p>\n[\/vc_column_text][\/vc_column][\/vc_row][vc_row fullwidth=\u00a0\u00bbtrue\u00a0\u00bb][vc_column][vc_row_inner attached=\u00a0\u00bbtrue\u00a0\u00bb css=\u00a0\u00bb.vc_custom_1517229357760{background-color: #5c2946 !important;}\u00a0\u00bb][vc_column_inner][mk_padding_divider size=\u00a0\u00bb34&Prime;][mk_fancy_title color=\u00a0\u00bb#ffffff\u00a0\u00bb size=\u00a0\u00bb33&Prime; font_weight=\u00a0\u00bb300&Prime; txt_transform=\u00a0\u00bbnone\u00a0\u00bb letter_spacing=\u00a0\u00bb2&Prime; margin_bottom=\u00a0\u00bb0&Prime; font_family=\u00a0\u00bbSatisfy\u00a0\u00bb font_type=\u00a0\u00bbgoogle\u00a0\u00bb align=\u00a0\u00bbcenter\u00a0\u00bb]\u00a0\u00bbC\u2019\u00e9tait presque comme si nous \u00e9tions des invit\u00e9s dans leur maison\u00a0\u00bb[\/mk_fancy_title][mk_padding_divider size=\u00a0\u00bb20&Prime;][\/vc_column_inner][\/vc_row_inner][\/vc_column][\/vc_row]\n<\/div>","protected":false},"excerpt":{"rendered":"<p>[vc_row fullwidth=\u00a0\u00bbtrue\u00a0\u00bb equal_columns=\u00a0\u00bbtrue\u00a0\u00bb attached=\u00a0\u00bbtrue\u00a0\u00bb][vc_column][mk_edge_slider order=\u00a0\u00bbASC\u00a0\u00bb direction_nav=\u00a0\u00bbnone\u00a0\u00bb pagination=\u00a0\u00bbsmall_dot_stroke\u00a0\u00bb slides=\u00a0\u00bb6208, 6198, 6197&Prime;][\/vc_column][\/vc_row][vc_row fullwidth=\u00a0\u00bbtrue\u00a0\u00bb fullwidth_content=\u00a0\u00bbfalse\u00a0\u00bb padding=\u00a0\u00bb0&Prime; css=\u00a0\u00bb.vc_custom_1517230504409{background-color: #303030 !important;}\u00a0\u00bb][vc_column][mk_fancy_title tag_name=\u00a0\u00bbh1&Prime; color=\u00a0\u00bb#ffffff\u00a0\u00bb size=\u00a0\u00bb60&Prime; force_font_size=\u00a0\u00bbtrue\u00a0\u00bb size_smallscreen=\u00a0\u00bb40&Prime; size_tablet=\u00a0\u00bb35&Prime; size_phone=\u00a0\u00bb30&Prime; margin_top=\u00a0\u00bb11&Prime; margin_bottom=\u00a0\u00bb0&Prime; font_family=\u00a0\u00bbnone\u00a0\u00bb align=\u00a0\u00bbcenter\u00a0\u00bb]\u00c0 propos de nous[\/mk_fancy_title][\/vc_column][\/vc_row][mk_page_section full_width=\u00a0\u00bbtrue\u00a0\u00bb sidebar=\u00a0\u00bbsidebar-1&Prime;][vc_column][mk_padding_divider size=\u00a0\u00bb20&Prime;][vc_row_inner is_fullwidth_content=\u00a0\u00bbfalse\u00a0\u00bb][vc_column_inner width=\u00a0\u00bb1\/2&Prime;][vc_single_image image=\u00a0\u00bb6030&Prime; img_size=\u00a0\u00bbfull\u00a0\u00bb][\/vc_column_inner][vc_column_inner width=\u00a0\u00bb1\/2&Prime;][mk_fancy_title color=\u00a0\u00bb#303030&Prime; size=\u00a0\u00bb40&Prime; force_font_size=\u00a0\u00bbtrue\u00a0\u00bb size_smallscreen=\u00a0\u00bb35&Prime; size_tablet=\u00a0\u00bb30&Prime; size_phone=\u00a0\u00bb25&Prime; margin_top=\u00a0\u00bb50&Prime; font_family=\u00a0\u00bbnone\u00a0\u00bb]Le Riad Siwan \u00e9tait un ancien palais de la famille [&hellip;]<\/p>\n","protected":false},"author":1,"featured_media":0,"parent":0,"menu_order":0,"comment_status":"closed","ping_status":"closed","template":"","meta":{"footnotes":""},"class_list":["post-6162","page","type-page","status-publish","hentry"],"yoast_head":"<!-- This site is optimized with the Yoast SEO plugin v27.3 - https:\/\/yoast.com\/product\/yoast-seo-wordpress\/ -->\n<title>\u00c0 propos de nous - RIAD SIWAN<\/title>\n<meta name=\"robots\" content=\"index, follow, max-snippet:-1, max-image-preview:large, max-video-preview:-1\" \/>\n<link rel=\"canonical\" href=\"https:\/\/www.riadsiwan.com\/fr\/a-propos-de-nous\/\" \/>\n<meta property=\"og:locale\" content=\"fr_FR\" \/>\n<meta property=\"og:type\" content=\"article\" \/>\n<meta property=\"og:title\" content=\"\u00c0 propos de nous - RIAD SIWAN\" \/>\n<meta property=\"og:description\" content=\"[vc_row fullwidth=\u00a0\u00bbtrue\u00a0\u00bb equal_columns=\u00a0\u00bbtrue\u00a0\u00bb attached=\u00a0\u00bbtrue\u00a0\u00bb][vc_column][mk_edge_slider order=\u00a0\u00bbASC\u00a0\u00bb direction_nav=\u00a0\u00bbnone\u00a0\u00bb pagination=\u00a0\u00bbsmall_dot_stroke\u00a0\u00bb slides=\u00a0\u00bb6208, 6198, 6197&Prime;][\/vc_column][\/vc_row][vc_row fullwidth=\u00a0\u00bbtrue\u00a0\u00bb fullwidth_content=\u00a0\u00bbfalse\u00a0\u00bb padding=\u00a0\u00bb0&Prime; css=\u00a0\u00bb.vc_custom_1517230504409{background-color: #303030 !important;}\u00a0\u00bb][vc_column][mk_fancy_title tag_name=\u00a0\u00bbh1&Prime; color=\u00a0\u00bb#ffffff\u00a0\u00bb size=\u00a0\u00bb60&Prime; force_font_size=\u00a0\u00bbtrue\u00a0\u00bb size_smallscreen=\u00a0\u00bb40&Prime; size_tablet=\u00a0\u00bb35&Prime; size_phone=\u00a0\u00bb30&Prime; margin_top=\u00a0\u00bb11&Prime; margin_bottom=\u00a0\u00bb0&Prime; font_family=\u00a0\u00bbnone\u00a0\u00bb align=\u00a0\u00bbcenter\u00a0\u00bb]\u00c0 propos de nous[\/mk_fancy_title][\/vc_column][\/vc_row][mk_page_section full_width=\u00a0\u00bbtrue\u00a0\u00bb sidebar=\u00a0\u00bbsidebar-1&Prime;][vc_column][mk_padding_divider size=\u00a0\u00bb20&Prime;][vc_row_inner is_fullwidth_content=\u00a0\u00bbfalse\u00a0\u00bb][vc_column_inner width=\u00a0\u00bb1\/2&Prime;][vc_single_image image=\u00a0\u00bb6030&Prime; img_size=\u00a0\u00bbfull\u00a0\u00bb][\/vc_column_inner][vc_column_inner width=\u00a0\u00bb1\/2&Prime;][mk_fancy_title color=\u00a0\u00bb#303030&Prime; size=\u00a0\u00bb40&Prime; force_font_size=\u00a0\u00bbtrue\u00a0\u00bb size_smallscreen=\u00a0\u00bb35&Prime; size_tablet=\u00a0\u00bb30&Prime; size_phone=\u00a0\u00bb25&Prime; margin_top=\u00a0\u00bb50&Prime; font_family=\u00a0\u00bbnone\u00a0\u00bb]Le Riad Siwan \u00e9tait un ancien palais de la famille [&hellip;]\" \/>\n<meta property=\"og:url\" content=\"https:\/\/www.riadsiwan.com\/fr\/a-propos-de-nous\/\" \/>\n<meta property=\"og:site_name\" content=\"RIAD SIWAN\" \/>\n<meta property=\"article:modified_time\" content=\"2026-03-12T23:16:36+00:00\" \/>\n<meta name=\"twitter:card\" content=\"summary_large_image\" \/>\n<meta name=\"twitter:label1\" content=\"Dur\u00e9e de lecture estim\u00e9e\" \/>\n\t<meta name=\"twitter:data1\" content=\"3 minutes\" \/>\n<script type=\"application\/ld+json\" class=\"yoast-schema-graph\">{\"@context\":\"https:\\\/\\\/schema.org\",\"@graph\":[{\"@type\":\"WebPage\",\"@id\":\"https:\\\/\\\/www.riadsiwan.com\\\/fr\\\/a-propos-de-nous\\\/\",\"url\":\"https:\\\/\\\/www.riadsiwan.com\\\/fr\\\/a-propos-de-nous\\\/\",\"name\":\"\u00c0 propos de nous - RIAD SIWAN\",\"isPartOf\":{\"@id\":\"https:\\\/\\\/www.riadsiwan.com\\\/#website\"},\"datePublished\":\"2018-01-19T16:56:50+00:00\",\"dateModified\":\"2026-03-12T23:16:36+00:00\",\"breadcrumb\":{\"@id\":\"https:\\\/\\\/www.riadsiwan.com\\\/fr\\\/a-propos-de-nous\\\/#breadcrumb\"},\"inLanguage\":\"fr-FR\",\"potentialAction\":[{\"@type\":\"ReadAction\",\"target\":[\"https:\\\/\\\/www.riadsiwan.com\\\/fr\\\/a-propos-de-nous\\\/\"]}]},{\"@type\":\"BreadcrumbList\",\"@id\":\"https:\\\/\\\/www.riadsiwan.com\\\/fr\\\/a-propos-de-nous\\\/#breadcrumb\",\"itemListElement\":[{\"@type\":\"ListItem\",\"position\":1,\"name\":\"Accueil\",\"item\":\"https:\\\/\\\/www.riadsiwan.com\\\/fr\\\/\"},{\"@type\":\"ListItem\",\"position\":2,\"name\":\"\u00c0 propos de nous\"}]},{\"@type\":\"WebSite\",\"@id\":\"https:\\\/\\\/www.riadsiwan.com\\\/#website\",\"url\":\"https:\\\/\\\/www.riadsiwan.com\\\/\",\"name\":\"RIAD SIWAN\",\"description\":\"RIAD SIWAN MARRAKECH\",\"potentialAction\":[{\"@type\":\"SearchAction\",\"target\":{\"@type\":\"EntryPoint\",\"urlTemplate\":\"https:\\\/\\\/www.riadsiwan.com\\\/?s={search_term_string}\"},\"query-input\":{\"@type\":\"PropertyValueSpecification\",\"valueRequired\":true,\"valueName\":\"search_term_string\"}}],\"inLanguage\":\"fr-FR\"}]}<\/script>\n<!-- \/ Yoast SEO plugin. -->","yoast_head_json":{"title":"\u00c0 propos de nous - RIAD SIWAN","robots":{"index":"index","follow":"follow","max-snippet":"max-snippet:-1","max-image-preview":"max-image-preview:large","max-video-preview":"max-video-preview:-1"},"canonical":"https:\/\/www.riadsiwan.com\/fr\/a-propos-de-nous\/","og_locale":"fr_FR","og_type":"article","og_title":"\u00c0 propos de nous - RIAD SIWAN","og_description":"[vc_row fullwidth=\u00a0\u00bbtrue\u00a0\u00bb equal_columns=\u00a0\u00bbtrue\u00a0\u00bb attached=\u00a0\u00bbtrue\u00a0\u00bb][vc_column][mk_edge_slider order=\u00a0\u00bbASC\u00a0\u00bb direction_nav=\u00a0\u00bbnone\u00a0\u00bb pagination=\u00a0\u00bbsmall_dot_stroke\u00a0\u00bb slides=\u00a0\u00bb6208, 6198, 6197&Prime;][\/vc_column][\/vc_row][vc_row fullwidth=\u00a0\u00bbtrue\u00a0\u00bb fullwidth_content=\u00a0\u00bbfalse\u00a0\u00bb padding=\u00a0\u00bb0&Prime; css=\u00a0\u00bb.vc_custom_1517230504409{background-color: #303030 !important;}\u00a0\u00bb][vc_column][mk_fancy_title tag_name=\u00a0\u00bbh1&Prime; color=\u00a0\u00bb#ffffff\u00a0\u00bb size=\u00a0\u00bb60&Prime; force_font_size=\u00a0\u00bbtrue\u00a0\u00bb size_smallscreen=\u00a0\u00bb40&Prime; size_tablet=\u00a0\u00bb35&Prime; size_phone=\u00a0\u00bb30&Prime; margin_top=\u00a0\u00bb11&Prime; margin_bottom=\u00a0\u00bb0&Prime; font_family=\u00a0\u00bbnone\u00a0\u00bb align=\u00a0\u00bbcenter\u00a0\u00bb]\u00c0 propos de nous[\/mk_fancy_title][\/vc_column][\/vc_row][mk_page_section full_width=\u00a0\u00bbtrue\u00a0\u00bb sidebar=\u00a0\u00bbsidebar-1&Prime;][vc_column][mk_padding_divider size=\u00a0\u00bb20&Prime;][vc_row_inner is_fullwidth_content=\u00a0\u00bbfalse\u00a0\u00bb][vc_column_inner width=\u00a0\u00bb1\/2&Prime;][vc_single_image image=\u00a0\u00bb6030&Prime; img_size=\u00a0\u00bbfull\u00a0\u00bb][\/vc_column_inner][vc_column_inner width=\u00a0\u00bb1\/2&Prime;][mk_fancy_title color=\u00a0\u00bb#303030&Prime; size=\u00a0\u00bb40&Prime; force_font_size=\u00a0\u00bbtrue\u00a0\u00bb size_smallscreen=\u00a0\u00bb35&Prime; size_tablet=\u00a0\u00bb30&Prime; size_phone=\u00a0\u00bb25&Prime; margin_top=\u00a0\u00bb50&Prime; font_family=\u00a0\u00bbnone\u00a0\u00bb]Le Riad Siwan \u00e9tait un ancien palais de la famille [&hellip;]","og_url":"https:\/\/www.riadsiwan.com\/fr\/a-propos-de-nous\/","og_site_name":"RIAD SIWAN","article_modified_time":"2026-03-12T23:16:36+00:00","twitter_card":"summary_large_image","twitter_misc":{"Dur\u00e9e de lecture estim\u00e9e":"3 minutes"},"schema":{"@context":"https:\/\/schema.org","@graph":[{"@type":"WebPage","@id":"https:\/\/www.riadsiwan.com\/fr\/a-propos-de-nous\/","url":"https:\/\/www.riadsiwan.com\/fr\/a-propos-de-nous\/","name":"\u00c0 propos de nous - RIAD SIWAN","isPartOf":{"@id":"https:\/\/www.riadsiwan.com\/#website"},"datePublished":"2018-01-19T16:56:50+00:00","dateModified":"2026-03-12T23:16:36+00:00","breadcrumb":{"@id":"https:\/\/www.riadsiwan.com\/fr\/a-propos-de-nous\/#breadcrumb"},"inLanguage":"fr-FR","potentialAction":[{"@type":"ReadAction","target":["https:\/\/www.riadsiwan.com\/fr\/a-propos-de-nous\/"]}]},{"@type":"BreadcrumbList","@id":"https:\/\/www.riadsiwan.com\/fr\/a-propos-de-nous\/#breadcrumb","itemListElement":[{"@type":"ListItem","position":1,"name":"Accueil","item":"https:\/\/www.riadsiwan.com\/fr\/"},{"@type":"ListItem","position":2,"name":"\u00c0 propos de nous"}]},{"@type":"WebSite","@id":"https:\/\/www.riadsiwan.com\/#website","url":"https:\/\/www.riadsiwan.com\/","name":"RIAD SIWAN","description":"RIAD SIWAN MARRAKECH","potentialAction":[{"@type":"SearchAction","target":{"@type":"EntryPoint","urlTemplate":"https:\/\/www.riadsiwan.com\/?s={search_term_string}"},"query-input":{"@type":"PropertyValueSpecification","valueRequired":true,"valueName":"search_term_string"}}],"inLanguage":"fr-FR"}]}},"_links":{"self":[{"href":"https:\/\/www.riadsiwan.com\/fr\/wp-json\/wp\/v2\/pages\/6162","targetHints":{"allow":["GET"]}}],"collection":[{"href":"https:\/\/www.riadsiwan.com\/fr\/wp-json\/wp\/v2\/pages"}],"about":[{"href":"https:\/\/www.riadsiwan.com\/fr\/wp-json\/wp\/v2\/types\/page"}],"author":[{"embeddable":true,"href":"https:\/\/www.riadsiwan.com\/fr\/wp-json\/wp\/v2\/users\/1"}],"replies":[{"embeddable":true,"href":"https:\/\/www.riadsiwan.com\/fr\/wp-json\/wp\/v2\/comments?post=6162"}],"version-history":[{"count":0,"href":"https:\/\/www.riadsiwan.com\/fr\/wp-json\/wp\/v2\/pages\/6162\/revisions"}],"wp:attachment":[{"href":"https:\/\/www.riadsiwan.com\/fr\/wp-json\/wp\/v2\/media?parent=6162"}],"curies":[{"name":"wp","href":"https:\/\/api.w.org\/{rel}","templated":true}]}}